{"id":363,"date":"2020-08-20T10:02:41","date_gmt":"2020-08-20T10:02:41","guid":{"rendered":"https:\/\/papangames.dk\/?page_id=363"},"modified":"2025-12-17T22:17:18","modified_gmt":"2025-12-17T20:17:18","slug":"om-os","status":"publish","type":"page","link":"https:\/\/papangames.dk\/en\/om-os\/","title":{"rendered":"About us"},"content":{"rendered":"<style>.wp-block-kadence-advancedheading.kt-adv-heading363_f54681-ea, .wp-block-kadence-advancedheading.kt-adv-heading363_f54681-ea[data-kb-block=\"kb-adv-heading363_f54681-ea\"]{font-style:normal;}.wp-block-kadence-advancedheading.kt-adv-heading363_f54681-ea mark.kt-highlight, .wp-block-kadence-advancedheading.kt-adv-heading363_f54681-ea[data-kb-block=\"kb-adv-heading363_f54681-ea\"] mark.kt-highlight{font-style:normal;color:#f76a0c;-webkit-box-decoration-break:clone;box-decoration-break:clone;padding-top:0px;padding-right:0px;padding-bottom:0px;padding-left:0px;}.wp-block-kadence-advancedheading.kt-adv-heading363_f54681-ea img.kb-inline-image, .wp-block-kadence-advancedheading.kt-adv-heading363_f54681-ea[data-kb-block=\"kb-adv-heading363_f54681-ea\"] img.kb-inline-image{width:150px;vertical-align:baseline;}<\/style>\n<h2 class=\"kt-adv-heading363_f54681-ea wp-block-kadence-advancedheading\" data-kb-block=\"kb-adv-heading363_f54681-ea\">Om os<\/h2>\n\n\n<style>.wp-block-kadence-advancedheading.kt-adv-heading363_c6eb6b-15, .wp-block-kadence-advancedheading.kt-adv-heading363_c6eb6b-15[data-kb-block=\"kb-adv-heading363_c6eb6b-15\"]{font-style:normal;}.wp-block-kadence-advancedheading.kt-adv-heading363_c6eb6b-15 mark.kt-highlight, .wp-block-kadence-advancedheading.kt-adv-heading363_c6eb6b-15[data-kb-block=\"kb-adv-heading363_c6eb6b-15\"] mark.kt-highlight{font-style:normal;color:#f76a0c;-webkit-box-decoration-break:clone;box-decoration-break:clone;padding-top:0px;padding-right:0px;padding-bottom:0px;padding-left:0px;}.wp-block-kadence-advancedheading.kt-adv-heading363_c6eb6b-15 img.kb-inline-image, .wp-block-kadence-advancedheading.kt-adv-heading363_c6eb6b-15[data-kb-block=\"kb-adv-heading363_c6eb6b-15\"] img.kb-inline-image{width:150px;vertical-align:baseline;}@media all and (max-width: 767px){.wp-block-kadence-advancedheading.kt-adv-heading363_c6eb6b-15, .wp-block-kadence-advancedheading.kt-adv-heading363_c6eb6b-15[data-kb-block=\"kb-adv-heading363_c6eb6b-15\"]{font-size:var(--global-kb-font-size-md, 1.25rem);}}<\/style>\n<p class=\"kt-adv-heading363_c6eb6b-15 wp-block-kadence-advancedheading\" data-kb-block=\"kb-adv-heading363_c6eb6b-15\">Papan Games drives af Frederik. Virksomheden blev startet i oktober 2020. Efter l\u00e6nge at have g\u00e5et med tanken, t\u00e6nkte jeg at nu skulle det v\u00e6re.<br><br>Jeg har altid v\u00e6ret meget glad for br\u00e6tspil. Helt fra barn af, har jeg spillet meget br\u00e6tspil med min familie. Spil som Settlers, der nu har f\u00e5et nyt navn og blot hedder Catan, har vi spillet rigtig meget. Derudover kan jeg n\u00e6vne Landmandsspillet, Finans, Monopoly, Matador, Risk, Carcassonne og jeg kunne blive ved med at n\u00e6vne spil, som jeg er vokset op med. Br\u00e6tspil har jeg altid syntes godt om.<br><br>Efter at jeg flyttede hjemmefra er min egen samling af br\u00e6tspil blot vokset og vokset. Nogle ville sige, at det er problem, men det eneste problem jeg har med det, er manglen af timer p\u00e5 d\u00f8gnet til at n\u00e5 at spille br\u00e6tspil. Min samling er dog ikke st\u00f8rre end den kan v\u00e6re i min lejlighed. Lidt endnu.<br><br>De senere \u00e5r har jeg gjort meget i at finde specielle og anderledes br\u00e6tspil, som man ikke blot kunne k\u00f8be p\u00e5 nettet eller den n\u00e6rmeste lokale boghandler. Det er derfor at jeg har en speciel k\u00e6rlighed til Kickstarter, hvor jeg har k\u00f8bt en hel del spil efterh\u00e5nden, ogs\u00e5 spil som jeg endnu har til gode at spille.<br><br>M\u00e5let med Papan Games er, at hj\u00e6lpe folk til at se, at der findes andre br\u00e6tspil end dem man lige kan hente i den lokale butik. At der findes br\u00e6tspil som er anderledes, at der findes br\u00e6tspil som er virkelig flotte og unikke, at det er muligt at finde br\u00e6tspil som ikke er allemandseje, at f\u00e5 dem til at introducere andre venner og familie til br\u00e6tspillenes verden.<br><br>Hos Papan Games bestr\u00e6ber vi os p\u00e5, at f\u00e5 gode deals fra forskellige udgivere, s\u00e5 vi kan tilbyde vores med-br\u00e6tspillere gode priser p\u00e5 br\u00e6tspil som er unikke og specielle, og hvor der som oftest er ekstra eksklusive komponenter og ting med, uden at det skal koste meget ekstra.<br><br>Jeg vil gerne fors\u00f8ge at lave vores priser s\u00e5 fair som muligt, s\u00e5 finder du et br\u00e6tspil billigere andre steder i Danmark, s\u00e5 vil jeg med gl\u00e6de fors\u00f8ge ogs\u00e5 at lave en god deal til dig. Skulle du have lyst til, at k\u00f8be mere end et br\u00e6tspil, s\u00e5 kontakt mig gerne, s\u00e5 kan vi sikkert ogs\u00e5 finde ud af en god deal.<br><br>Tak for at du gav dig tid til at l\u00e6se alt dette. Og vigtigst af alt:\u00a0<strong>Husk at spil br\u00e6tspil!<\/strong><\/p>\n","protected":false},"excerpt":{"rendered":"<p>Om os Papan Games drives af Frederik. Virksomheden blev startet i oktober 2020. Efter l\u00e6nge at have g\u00e5et med tanken, t\u00e6nkte jeg at nu skulle det v\u00e6re. Jeg har altid v\u00e6ret meget glad for br\u00e6tspil. Helt fra barn af, har jeg spillet meget br\u00e6tspil med min familie. Spil som Settlers, der nu har f\u00e5et nyt&#8230;<\/p>","protected":false},"author":1,"featured_media":0,"parent":0,"menu_order":0,"comment_status":"closed","ping_status":"closed","template":"","meta":{"inline_featured_image":false,"_kadence_starter_templates_imported_post":false,"_kad_post_transparent":"","_kad_post_title":"hide","_kad_post_layout":"narrow","_kad_post_sidebar_id":"","_kad_post_content_style":"unboxed","_kad_post_vertical_padding":"","_kad_post_feature":"","_kad_post_feature_position":"","_kad_post_header":false,"_kad_post_footer":false,"_kad_post_classname":"","footnotes":""},"class_list":["post-363","page","type-page","status-publish","hentry"],"_links":{"self":[{"href":"https:\/\/papangames.dk\/en\/wp-json\/wp\/v2\/pages\/363","targetHints":{"allow":["GET"]}}],"collection":[{"href":"https:\/\/papangames.dk\/en\/wp-json\/wp\/v2\/pages"}],"about":[{"href":"https:\/\/papangames.dk\/en\/wp-json\/wp\/v2\/types\/page"}],"author":[{"embeddable":true,"href":"https:\/\/papangames.dk\/en\/wp-json\/wp\/v2\/users\/1"}],"replies":[{"embeddable":true,"href":"https:\/\/papangames.dk\/en\/wp-json\/wp\/v2\/comments?post=363"}],"version-history":[{"count":4,"href":"https:\/\/papangames.dk\/en\/wp-json\/wp\/v2\/pages\/363\/revisions"}],"predecessor-version":[{"id":4051,"href":"https:\/\/papangames.dk\/en\/wp-json\/wp\/v2\/pages\/363\/revisions\/4051"}],"wp:attachment":[{"href":"https:\/\/papangames.dk\/en\/wp-json\/wp\/v2\/media?parent=363"}],"curies":[{"name":"wp","href":"https:\/\/api.w.org\/{rel}","templated":true}]}}