{"id":123,"date":"2022-08-10T15:42:59","date_gmt":"2022-08-10T13:42:59","guid":{"rendered":"https:\/\/papangames.dk\/?post_type=product&#038;p=123"},"modified":"2025-12-21T17:56:37","modified_gmt":"2025-12-21T15:56:37","slug":"stofposer-10-x-14-cm-2","status":"publish","type":"product","link":"https:\/\/papangames.dk\/en\/product\/stofposer-10-x-14-cm-2\/","title":{"rendered":"Bags 10 x 14 cm"},"content":{"rendered":"\n<header class=\"wp-block-cover fuld-bredde-banner has-medium-font-size\"><img loading=\"lazy\" decoding=\"async\" width=\"1266\" height=\"1000\" class=\"wp-block-cover__image-background wp-image-2755 size-full\" alt=\"\" src=\"https:\/\/papangames.dk\/wp-content\/uploads\/2022\/09\/Farverig.webp\" data-object-fit=\"cover\" srcset=\"https:\/\/papangames.dk\/wp-content\/uploads\/2022\/09\/Farverig.webp 1266w, https:\/\/papangames.dk\/wp-content\/uploads\/2022\/09\/Farverig-300x237.webp 300w, https:\/\/papangames.dk\/wp-content\/uploads\/2022\/09\/Farverig-1024x809.webp 1024w, https:\/\/papangames.dk\/wp-content\/uploads\/2022\/09\/Farverig-768x607.webp 768w, https:\/\/papangames.dk\/wp-content\/uploads\/2022\/09\/Farverig-15x12.webp 15w, https:\/\/papangames.dk\/wp-content\/uploads\/2022\/09\/Farverig-600x474.webp 600w\" sizes=\"auto, (max-width: 1266px) 100vw, 1266px\" \/><span aria-hidden=\"true\" class=\"wp-block-cover__background has-background-dim-20 has-background-dim\" style=\"background-color:#724528\"><\/span><div class=\"wp-block-cover__inner-container is-layout-constrained wp-block-cover-is-layout-constrained\"><style>.wp-block-kadence-advancedheading.kt-adv-heading123_d1a283-72, .wp-block-kadence-advancedheading.kt-adv-heading123_d1a283-72[data-kb-block=\"kb-adv-heading123_d1a283-72\"]{max-width:2000%;margin-right:auto;margin-left:auto;padding-top:19%;padding-bottom:19%;text-align:center;font-size:8rem;line-height:0.9;font-style:normal;text-transform:none;letter-spacing:6px;text-shadow:7px 4px 3px #101010;}.wp-block-kadence-advancedheading.kt-adv-heading123_d1a283-72 mark.kt-highlight, .wp-block-kadence-advancedheading.kt-adv-heading123_d1a283-72[data-kb-block=\"kb-adv-heading123_d1a283-72\"] mark.kt-highlight{font-style:normal;color:#f76a0c;background:#000000;border-top:2px solid transparent;border-right:2px solid transparent;border-bottom:2px solid transparent;border-left:2px solid transparent;-webkit-box-decoration-break:clone;box-decoration-break:clone;padding-top:0px;padding-right:0px;padding-bottom:0px;padding-left:0px;}.wp-block-kadence-advancedheading.kt-adv-heading123_d1a283-72 img.kb-inline-image, .wp-block-kadence-advancedheading.kt-adv-heading123_d1a283-72[data-kb-block=\"kb-adv-heading123_d1a283-72\"] img.kb-inline-image{width:150px;vertical-align:baseline;}@media all and (max-width: 1024px){.wp-block-kadence-advancedheading.kt-adv-heading123_d1a283-72, .wp-block-kadence-advancedheading.kt-adv-heading123_d1a283-72[data-kb-block=\"kb-adv-heading123_d1a283-72\"]{padding-top:50%;text-shadow:7px 4px 3px #101010;font-size:200rem;}}@media all and (max-width: 1024px){.wp-block-kadence-advancedheading.kt-adv-heading123_d1a283-72 mark.kt-highlight, .wp-block-kadence-advancedheading.kt-adv-heading123_d1a283-72[data-kb-block=\"kb-adv-heading123_d1a283-72\"] mark.kt-highlight{border-top:2px solid transparent;border-right:2px solid transparent;border-bottom:2px solid transparent;border-left:2px solid transparent;}}@media all and (max-width: 767px){.wp-block-kadence-advancedheading.kt-adv-heading123_d1a283-72, .wp-block-kadence-advancedheading.kt-adv-heading123_d1a283-72[data-kb-block=\"kb-adv-heading123_d1a283-72\"]{padding-top:10%;padding-right:0%;padding-bottom:10%;padding-left:0%;margin-top:25%;margin-bottom:25%;text-shadow:7px 4px 3px #101010;font-size:3rem;text-align:center!important;}.wp-block-kadence-advancedheading.kt-adv-heading123_d1a283-72 mark.kt-highlight, .wp-block-kadence-advancedheading.kt-adv-heading123_d1a283-72[data-kb-block=\"kb-adv-heading123_d1a283-72\"] mark.kt-highlight{border-top:2px solid transparent;border-right:2px solid transparent;border-bottom:2px solid transparent;border-left:2px solid transparent;}}<\/style>\n<h2 class=\"kt-adv-heading123_d1a283-72 wp-block-kadence-advancedheading has-theme-palette-9-color has-text-color\" data-kb-block=\"kb-adv-heading123_d1a283-72\">Stofposer<br>10 x 14 cm<\/h2>\n<\/div><\/header>\n\n\n<style>.kadence-column123_2faab8-d4 > .kt-inside-inner-col,.kadence-column123_2faab8-d4 > .kt-inside-inner-col:before{border-top-left-radius:0px;border-top-right-radius:0px;border-bottom-right-radius:0px;border-bottom-left-radius:0px;}.kadence-column123_2faab8-d4 > .kt-inside-inner-col{column-gap:var(--global-kb-gap-sm, 1rem);}.kadence-column123_2faab8-d4 > .kt-inside-inner-col{flex-direction:column;}.kadence-column123_2faab8-d4 > .kt-inside-inner-col > .aligncenter{width:100%;}.kadence-column123_2faab8-d4 > .kt-inside-inner-col:before{opacity:0.3;}.kadence-column123_2faab8-d4{text-align:left;}.kadence-column123_2faab8-d4{position:relative;}.kadence-column123_2faab8-d4, .kt-inside-inner-col > .kadence-column123_2faab8-d4:not(.specificity){margin-top:2%;margin-right:25%;margin-left:25%;}@media all and (max-width: 1024px){.kadence-column123_2faab8-d4 > .kt-inside-inner-col{flex-direction:column;justify-content:center;}}@media all and (max-width: 1024px){.kadence-column123_2faab8-d4, .kt-inside-inner-col > .kadence-column123_2faab8-d4:not(.specificity){margin-right:0%;margin-left:0%;}}@media all and (max-width: 767px){.kadence-column123_2faab8-d4 > .kt-inside-inner-col{flex-direction:column;justify-content:center;}.kadence-column123_2faab8-d4, .kt-inside-inner-col > .kadence-column123_2faab8-d4:not(.specificity){margin-top:5%;margin-right:0%;margin-bottom:0%;margin-left:0%;}}<\/style>\n<div class=\"wp-block-kadence-column kadence-column123_2faab8-d4 kb-section-dir-vertical inner-column-1\"><div class=\"kt-inside-inner-col\">\n<p class=\"has-medium-font-size\">Har du, ligesom os, st\u00e5et og \u00e6rgret dig over at dit nye spil ikke havde stofposer med?<br>T\u00f8v ej, vi har lige det du har brug for!<br><br>\u201cWe have got your bag!\u201d<br><br>Vi har disse stofposer (dice bags) som du kan bruge til at give dit spil lidt ekstra.<br><br>Brug dem til terninger, tokens og alle andre komponenter.<br><br>Poserne er lavet i bomuld og m\u00e5ler ca. 10 x 14 cm. Der er lidt variation i m\u00f8nstret p\u00e5 poserne. Vejer ca. 5 gram pr. stk.<br><br>Er disse poser for ikke lige noget for dig? Vi har ogs\u00e5 andre slags poser i andre st\u00f8rrelser og andet materiale.<\/p>\n<\/div><\/div>\n\n\n<style>.kb-row-layout-id123_1eff62-35 > .kt-row-column-wrap{align-content:start;}:where(.kb-row-layout-id123_1eff62-35 > .kt-row-column-wrap) > .wp-block-kadence-column{justify-content:start;}.kb-row-layout-id123_1eff62-35 > .kt-row-column-wrap{column-gap:var(--global-kb-gap-md, 2rem);row-gap:var(--global-kb-gap-md, 2rem);padding-top:var(--global-kb-spacing-sm, 1.5rem);padding-bottom:var(--global-kb-spacing-sm, 1.5rem);grid-template-columns:repeat(2, minmax(0, 1fr));}.kb-row-layout-id123_1eff62-35 > .kt-row-layout-overlay{opacity:0.30;}@media all and (max-width: 1024px){.kb-row-layout-id123_1eff62-35 > .kt-row-column-wrap{grid-template-columns:repeat(2, minmax(0, 1fr));}}@media all and (max-width: 767px){.kb-row-layout-id123_1eff62-35 > .kt-row-column-wrap{padding-right:0px;grid-template-columns:minmax(0, 1fr);}}<\/style><div class=\"kb-row-layout-wrap kb-row-layout-id123_1eff62-35 alignnone wp-block-kadence-rowlayout\"><div class=\"kt-row-column-wrap kt-has-2-columns kt-row-layout-equal kt-tab-layout-equal kt-mobile-layout-row kt-row-valign-top\">\n<style>.kadence-column123_854bbe-30 > .kt-inside-inner-col,.kadence-column123_854bbe-30 > .kt-inside-inner-col:before{border-top-left-radius:0px;border-top-right-radius:0px;border-bottom-right-radius:0px;border-bottom-left-radius:0px;}.kadence-column123_854bbe-30 > .kt-inside-inner-col{column-gap:var(--global-kb-gap-sm, 1rem);}.kadence-column123_854bbe-30 > .kt-inside-inner-col{flex-direction:column;}.kadence-column123_854bbe-30 > .kt-inside-inner-col > .aligncenter{width:100%;}.kadence-column123_854bbe-30 > .kt-inside-inner-col:before{opacity:0.3;}.kadence-column123_854bbe-30{position:relative;}.kadence-column123_854bbe-30, .kt-inside-inner-col > .kadence-column123_854bbe-30:not(.specificity){margin-left:60%;}@media all and (max-width: 1024px){.kadence-column123_854bbe-30{text-align:center;}}@media all and (max-width: 1024px){.kadence-column123_854bbe-30 > .kt-inside-inner-col{flex-direction:column;justify-content:center;}}@media all and (max-width: 1024px){.kadence-column123_854bbe-30, .kt-inside-inner-col > .kadence-column123_854bbe-30:not(.specificity){margin-top:0%;margin-right:0%;margin-bottom:0%;margin-left:0%;}}@media all and (max-width: 767px){.kadence-column123_854bbe-30 > .kt-inside-inner-col{display:flex;padding-top:0%;padding-right:0%;padding-bottom:0%;padding-left:0%;flex-direction:column;justify-content:center;align-items:center;}.kadence-column123_854bbe-30{text-align:center;}.kadence-column123_854bbe-30, .kt-inside-inner-col > .kadence-column123_854bbe-30:not(.specificity){margin-top:0%;margin-right:0%;margin-bottom:0%;}}<\/style>\n<div class=\"wp-block-kadence-column kadence-column123_854bbe-30 kb-section-dir-vertical kb-section-sm-dir-vertical inner-column-1\"><div class=\"kt-inside-inner-col\">\n<figure class=\"wp-block-image size-full\"><img loading=\"lazy\" decoding=\"async\" width=\"300\" height=\"300\" src=\"https:\/\/papangames.dk\/wp-content\/uploads\/2022\/08\/Farverig4.webp\" alt=\"\" class=\"wp-image-2760\" srcset=\"https:\/\/papangames.dk\/wp-content\/uploads\/2022\/08\/Farverig4.webp 300w, https:\/\/papangames.dk\/wp-content\/uploads\/2022\/08\/Farverig4-150x150.webp 150w, https:\/\/papangames.dk\/wp-content\/uploads\/2022\/08\/Farverig4-12x12.webp 12w, https:\/\/papangames.dk\/wp-content\/uploads\/2022\/08\/Farverig4-100x100.webp 100w\" sizes=\"auto, (max-width: 300px) 100vw, 300px\" \/><\/figure>\n<\/div><\/div>\n\n\n<style>.kadence-column123_29434c-8c > .kt-inside-inner-col{display:flex;}.kadence-column123_29434c-8c > .kt-inside-inner-col,.kadence-column123_29434c-8c > .kt-inside-inner-col:before{border-top-left-radius:0px;border-top-right-radius:0px;border-bottom-right-radius:0px;border-bottom-left-radius:0px;}.kadence-column123_29434c-8c > .kt-inside-inner-col{column-gap:10px;}.kadence-column123_29434c-8c > .kt-inside-inner-col{flex-direction:row;flex-wrap:wrap;align-items:center;justify-content:flex-start;flex-wrap:wrap;}.kadence-column123_29434c-8c > .kt-inside-inner-col > *, .kadence-column123_29434c-8c > .kt-inside-inner-col > figure.wp-block-image, .kadence-column123_29434c-8c > .kt-inside-inner-col > figure.wp-block-kadence-image{margin-top:0px;margin-bottom:0px;}.kadence-column123_29434c-8c > .kt-inside-inner-col > .kb-image-is-ratio-size{flex-grow:1;}.kt-row-column-wrap > .kadence-column123_29434c-8c{align-self:center;}.kt-inner-column-height-full:not(.kt-has-1-columns) > .wp-block-kadence-column.kadence-column123_29434c-8c{align-self:auto;}.kt-inner-column-height-full:not(.kt-has-1-columns) > .wp-block-kadence-column.kadence-column123_29434c-8c > .kt-inside-inner-col{align-items:center;}.kadence-column123_29434c-8c > .kt-inside-inner-col:before{opacity:0.3;}.kadence-column123_29434c-8c{text-align:left;}.kadence-column123_29434c-8c{position:relative;}.kadence-column123_29434c-8c, .kt-inside-inner-col > .kadence-column123_29434c-8c:not(.specificity){margin-right:75%;}@media all and (max-width: 1024px){.kadence-column123_29434c-8c > .kt-inside-inner-col{column-gap:40px;flex-direction:row;flex-wrap:wrap;align-items:center;justify-content:center;flex-wrap:wrap;}}@media all and (max-width: 1024px){.kt-row-column-wrap > .kadence-column123_29434c-8c{align-self:center;}}@media all and (max-width: 1024px){.kt-inner-column-height-full:not(.kt-has-1-columns) > .wp-block-kadence-column.kadence-column123_29434c-8c{align-self:auto;}}@media all and (max-width: 1024px){.kt-inner-column-height-full:not(.kt-has-1-columns) > .wp-block-kadence-column.kadence-column123_29434c-8c > .kt-inside-inner-col{align-items:center;}}@media all and (max-width: 1024px){.kadence-column123_29434c-8c{text-align:center;}}@media all and (max-width: 1024px){.kadence-column123_29434c-8c, .kt-inside-inner-col > .kadence-column123_29434c-8c:not(.specificity){margin-top:0%;margin-right:50%;margin-bottom:0%;margin-left:0%;}}@media all and (min-width: 768px) and (max-width: 1024px){.kadence-column123_29434c-8c > .kt-inside-inner-col > *, .kadence-column123_29434c-8c > .kt-inside-inner-col > figure.wp-block-image, .kadence-column123_29434c-8c > .kt-inside-inner-col > figure.wp-block-kadence-image{margin-top:0px;margin-bottom:0px;}.kadence-column123_29434c-8c > .kt-inside-inner-col > .kb-image-is-ratio-size{flex-grow:1;}}@media all and (max-width: 767px){.kadence-column123_29434c-8c > .kt-inside-inner-col{column-gap:5px;flex-direction:row;flex-wrap:wrap;justify-content:flex-start;justify-content:center;flex-wrap:wrap;}.kt-row-column-wrap > .kadence-column123_29434c-8c{align-self:center;}.kt-inner-column-height-full:not(.kt-has-1-columns) > .wp-block-kadence-column.kadence-column123_29434c-8c{align-self:auto;}.kt-inner-column-height-full:not(.kt-has-1-columns) > .wp-block-kadence-column.kadence-column123_29434c-8c > .kt-inside-inner-col{align-items:center;}.kadence-column123_29434c-8c{text-align:center;}.kadence-column123_29434c-8c > .kt-inside-inner-col > *, .kadence-column123_29434c-8c > .kt-inside-inner-col > figure.wp-block-image, .kadence-column123_29434c-8c > .kt-inside-inner-col > figure.wp-block-kadence-image{margin-top:0px;margin-bottom:0px;}.kadence-column123_29434c-8c > .kt-inside-inner-col > .kb-image-is-ratio-size{flex-grow:1;}.kadence-column123_29434c-8c, .kt-inside-inner-col > .kadence-column123_29434c-8c:not(.specificity){margin-top:0%;margin-right:0%;margin-bottom:0%;margin-left:0%;}}<\/style>\n<div class=\"wp-block-kadence-column kadence-column123_29434c-8c kb-section-dir-horizontal kb-section-md-dir-horizontal kb-section-sm-dir-horizontal inner-column-2\"><div class=\"kt-inside-inner-col\">6 kr. - p\u00e5 lager\n\n\n<p class=\"product woocommerce add_to_cart_inline \" style=\"border: 0px solid #000;\"><a href=\"\/en\/wp-json\/wp\/v2\/product\/123?add-to-cart=123\" aria-describedby=\"woocommerce_loop_add_to_cart_link_describedby_123\" data-quantity=\"1\" class=\"button product_type_simple add_to_cart_button ajax_add_to_cart\" data-product_id=\"123\" data-product_sku=\"\" aria-label=\"Add to cart: &ldquo;Stofposer 10 x 14 cm&rdquo;\" rel=\"nofollow\" data-success_message=\"&ldquo;Stofposer 10 x 14 cm&rdquo; has been added to your cart\" role=\"button\">Add to cart<\/a>\t<span id=\"woocommerce_loop_add_to_cart_link_describedby_123\" class=\"screen-reader-text\">\n\t\t\t<\/span>\n<\/p>\n<\/div><\/div>\n\n<\/div><\/div>\n\n<style>.kadence-column123_82151d-e7 > .kt-inside-inner-col{display:flex;}.kadence-column123_82151d-e7 > .kt-inside-inner-col{padding-bottom:2%;}.kadence-column123_82151d-e7 > .kt-inside-inner-col,.kadence-column123_82151d-e7 > .kt-inside-inner-col:before{border-top-left-radius:0px;border-top-right-radius:0px;border-bottom-right-radius:0px;border-bottom-left-radius:0px;}.kadence-column123_82151d-e7 > .kt-inside-inner-col{row-gap:10px;column-gap:10px;}.kadence-column123_82151d-e7 > .kt-inside-inner-col{flex-direction:row;flex-wrap:wrap;align-items:center;justify-content:center;}.kadence-column123_82151d-e7 > .kt-inside-inner-col > *, .kadence-column123_82151d-e7 > .kt-inside-inner-col > figure.wp-block-image, .kadence-column123_82151d-e7 > .kt-inside-inner-col > figure.wp-block-kadence-image{margin-top:0px;margin-bottom:0px;}.kadence-column123_82151d-e7 > .kt-inside-inner-col > .kb-image-is-ratio-size{flex-grow:1;}.kadence-column123_82151d-e7 > .kt-inside-inner-col:before{opacity:0.3;}.kadence-column123_82151d-e7{text-align:center;}.kadence-column123_82151d-e7{position:relative;}@media all and (max-width: 1024px){.kadence-column123_82151d-e7 > .kt-inside-inner-col{column-gap:116px;flex-direction:column;justify-content:center;align-items:stretch;flex-wrap:nowrap;}}@media all and (max-width: 1024px){.wp-block-kadence-column.kb-section-dir-horizontal.kadence-column123_82151d-e7 > .kt-inside-inner-col > *{-webkit-flex:unset;flex:unset;}}@media all and (max-width: 1024px){.wp-block-kadence-column.kb-section-dir-horizontal.kadence-column123_82151d-e7 > .kt-inside-inner-col > .wp-block-kadence-infobox{align-self:unset;}}@media all and (max-width: 1024px){.kadence-column123_82151d-e7, .kt-inside-inner-col > .kadence-column123_82151d-e7:not(.specificity){margin-right:-25px;margin-left:-25px;}}@media all and (max-width: 767px){.kadence-column123_82151d-e7 > .kt-inside-inner-col{padding-top:5%;flex-direction:column;justify-content:center;align-items:stretch;}.kadence-column123_82151d-e7{text-align:center;}.kadence-column123_82151d-e7, .kt-inside-inner-col > .kadence-column123_82151d-e7:not(.specificity){margin-right:-25px;margin-left:-25px;}}<\/style>\n<div class=\"wp-block-kadence-column kadence-column123_82151d-e7 kb-section-dir-horizontal kb-section-md-dir-vertical inner-column-1\"><div class=\"kt-inside-inner-col\">\n<figure class=\"wp-block-gallery has-nested-images columns-6 is-cropped wp-block-gallery-1 is-layout-flex wp-block-gallery-is-layout-flex\">\n<figure class=\"wp-block-image size-full\"><a href=\"https:\/\/papangames.dk\/wp-content\/uploads\/2022\/08\/Farverig1.webp\" target=\"_blank\" rel=\"noopener\"><img loading=\"lazy\" decoding=\"async\" width=\"300\" height=\"300\" data-id=\"2756\" src=\"https:\/\/papangames.dk\/wp-content\/uploads\/2022\/08\/Farverig1.webp\" alt=\"Farverig\" class=\"wp-image-2756\" srcset=\"https:\/\/papangames.dk\/wp-content\/uploads\/2022\/08\/Farverig1.webp 300w, https:\/\/papangames.dk\/wp-content\/uploads\/2022\/08\/Farverig1-150x150.webp 150w, https:\/\/papangames.dk\/wp-content\/uploads\/2022\/08\/Farverig1-12x12.webp 12w, https:\/\/papangames.dk\/wp-content\/uploads\/2022\/08\/Farverig1-100x100.webp 100w\" sizes=\"auto, (max-width: 300px) 100vw, 300px\" \/><\/a><\/figure>\n\n\n\n<figure class=\"wp-block-image size-full is-style-default\"><a href=\"https:\/\/papangames.dk\/wp-content\/uploads\/2022\/08\/Farverig2.webp\" target=\"_blank\" rel=\"noopener\"><img loading=\"lazy\" decoding=\"async\" width=\"300\" height=\"300\" data-id=\"2758\" src=\"https:\/\/papangames.dk\/wp-content\/uploads\/2022\/08\/Farverig2.webp\" alt=\"\" class=\"wp-image-2758\" srcset=\"https:\/\/papangames.dk\/wp-content\/uploads\/2022\/08\/Farverig2.webp 300w, https:\/\/papangames.dk\/wp-content\/uploads\/2022\/08\/Farverig2-150x150.webp 150w, https:\/\/papangames.dk\/wp-content\/uploads\/2022\/08\/Farverig2-12x12.webp 12w, https:\/\/papangames.dk\/wp-content\/uploads\/2022\/08\/Farverig2-100x100.webp 100w\" sizes=\"auto, (max-width: 300px) 100vw, 300px\" \/><\/a><\/figure>\n\n\n\n<figure class=\"wp-block-image size-full\"><a href=\"https:\/\/papangames.dk\/wp-content\/uploads\/2022\/08\/Farverig3.webp\" target=\"_blank\" rel=\"noopener\"><img loading=\"lazy\" decoding=\"async\" width=\"300\" height=\"300\" data-id=\"2759\" src=\"https:\/\/papangames.dk\/wp-content\/uploads\/2022\/08\/Farverig3.webp\" alt=\"\" class=\"wp-image-2759\" srcset=\"https:\/\/papangames.dk\/wp-content\/uploads\/2022\/08\/Farverig3.webp 300w, https:\/\/papangames.dk\/wp-content\/uploads\/2022\/08\/Farverig3-150x150.webp 150w, https:\/\/papangames.dk\/wp-content\/uploads\/2022\/08\/Farverig3-12x12.webp 12w, https:\/\/papangames.dk\/wp-content\/uploads\/2022\/08\/Farverig3-100x100.webp 100w\" sizes=\"auto, (max-width: 300px) 100vw, 300px\" \/><\/a><\/figure>\n\n\n\n<figure class=\"wp-block-image size-full\"><a href=\"https:\/\/papangames.dk\/wp-content\/uploads\/2022\/08\/Farverig4.webp\" target=\"_blank\" rel=\"noopener\"><img loading=\"lazy\" decoding=\"async\" width=\"300\" height=\"300\" data-id=\"2760\" src=\"https:\/\/papangames.dk\/wp-content\/uploads\/2022\/08\/Farverig4.webp\" alt=\"\" class=\"wp-image-2760\" srcset=\"https:\/\/papangames.dk\/wp-content\/uploads\/2022\/08\/Farverig4.webp 300w, https:\/\/papangames.dk\/wp-content\/uploads\/2022\/08\/Farverig4-150x150.webp 150w, https:\/\/papangames.dk\/wp-content\/uploads\/2022\/08\/Farverig4-12x12.webp 12w, https:\/\/papangames.dk\/wp-content\/uploads\/2022\/08\/Farverig4-100x100.webp 100w\" sizes=\"auto, (max-width: 300px) 100vw, 300px\" \/><\/a><\/figure>\n\n\n\n<figure class=\"wp-block-image size-full\"><a href=\"https:\/\/papangames.dk\/wp-content\/uploads\/2022\/08\/Farverig5.webp\" target=\"_blank\" rel=\"noopener\"><img loading=\"lazy\" decoding=\"async\" width=\"300\" height=\"300\" data-id=\"2761\" src=\"https:\/\/papangames.dk\/wp-content\/uploads\/2022\/08\/Farverig5.webp\" alt=\"\" class=\"wp-image-2761\" srcset=\"https:\/\/papangames.dk\/wp-content\/uploads\/2022\/08\/Farverig5.webp 300w, https:\/\/papangames.dk\/wp-content\/uploads\/2022\/08\/Farverig5-150x150.webp 150w, https:\/\/papangames.dk\/wp-content\/uploads\/2022\/08\/Farverig5-12x12.webp 12w, https:\/\/papangames.dk\/wp-content\/uploads\/2022\/08\/Farverig5-100x100.webp 100w\" sizes=\"auto, (max-width: 300px) 100vw, 300px\" \/><\/a><\/figure>\n\n\n\n<figure class=\"wp-block-image size-full is-style-default\"><a href=\"https:\/\/papangames.dk\/wp-content\/uploads\/2022\/08\/Farverig6.webp\" target=\"_blank\" rel=\"noopener\"><img loading=\"lazy\" decoding=\"async\" width=\"300\" height=\"300\" data-id=\"2762\" src=\"https:\/\/papangames.dk\/wp-content\/uploads\/2022\/08\/Farverig6.webp\" alt=\"\" class=\"wp-image-2762\" srcset=\"https:\/\/papangames.dk\/wp-content\/uploads\/2022\/08\/Farverig6.webp 300w, https:\/\/papangames.dk\/wp-content\/uploads\/2022\/08\/Farverig6-150x150.webp 150w, https:\/\/papangames.dk\/wp-content\/uploads\/2022\/08\/Farverig6-12x12.webp 12w, https:\/\/papangames.dk\/wp-content\/uploads\/2022\/08\/Farverig6-100x100.webp 100w\" sizes=\"auto, (max-width: 300px) 100vw, 300px\" \/><\/a><\/figure>\n<\/figure>\n<\/div><\/div>\n","protected":false},"excerpt":{"rendered":"<p>Har du, ligesom os, st\u00e5et og \u00e6rgret dig over at dit nye spil ikke havde stofposer med? T\u00f8v ej, vi har lige det du har brug for! &#8220;We have got your bag!&#8221;<\/p>","protected":false},"featured_media":143,"template":"","meta":{"inline_featured_image":false,"_kadence_starter_templates_imported_post":false,"_kad_post_transparent":"disable","_kad_post_title":"hide","_kad_post_layout":"fullwidth","_kad_post_sidebar_id":"","_kad_post_content_style":"unboxed","_kad_post_vertical_padding":"","_kad_post_feature":"","_kad_post_feature_position":"","_kad_post_header":false,"_kad_post_footer":false,"_kad_post_classname":""},"product_brand":[],"product_cat":[19],"product_tag":[20],"class_list":{"0":"post-123","1":"product","2":"type-product","3":"status-publish","4":"has-post-thumbnail","6":"product_cat-tilbehor","7":"product_tag-stofposer","8":"product_shipping_class-1-kg","10":"first","11":"instock","12":"shipping-taxable","13":"purchasable","14":"product-type-simple","15":"entry","16":"content-bg","17":"loop-entry"},"_links":{"self":[{"href":"https:\/\/papangames.dk\/en\/wp-json\/wp\/v2\/product\/123","targetHints":{"allow":["GET"]}}],"collection":[{"href":"https:\/\/papangames.dk\/en\/wp-json\/wp\/v2\/product"}],"about":[{"href":"https:\/\/papangames.dk\/en\/wp-json\/wp\/v2\/types\/product"}],"wp:featuredmedia":[{"embeddable":true,"href":"https:\/\/papangames.dk\/en\/wp-json\/wp\/v2\/media\/143"}],"wp:attachment":[{"href":"https:\/\/papangames.dk\/en\/wp-json\/wp\/v2\/media?parent=123"}],"wp:term":[{"taxonomy":"product_brand","embeddable":true,"href":"https:\/\/papangames.dk\/en\/wp-json\/wp\/v2\/product_brand?post=123"},{"taxonomy":"product_cat","embeddable":true,"href":"https:\/\/papangames.dk\/en\/wp-json\/wp\/v2\/product_cat?post=123"},{"taxonomy":"product_tag","embeddable":true,"href":"https:\/\/papangames.dk\/en\/wp-json\/wp\/v2\/product_tag?post=123"}],"curies":[{"name":"wp","href":"https:\/\/api.w.org\/{rel}","templated":true}]}}