{"id":215,"date":"2022-08-10T18:19:58","date_gmt":"2022-08-10T16:19:58","guid":{"rendered":"https:\/\/papangames.dk\/?post_type=product&#038;p=215"},"modified":"2025-12-21T16:34:05","modified_gmt":"2025-12-21T14:34:05","slug":"gavekort","status":"publish","type":"product","link":"https:\/\/papangames.dk\/en\/product\/gavekort\/","title":{"rendered":"Giftcard"},"content":{"rendered":"\n<header class=\"wp-block-cover is-light fuld-bredde-banner has-medium-font-size\"><img loading=\"lazy\" decoding=\"async\" width=\"1000\" height=\"707\" class=\"wp-block-cover__image-background wp-image-2340 size-full\" alt=\"\" src=\"https:\/\/papangames.dk\/wp-content\/uploads\/2022\/08\/Gavekort.webp\" data-object-fit=\"cover\" srcset=\"https:\/\/papangames.dk\/wp-content\/uploads\/2022\/08\/Gavekort.webp 1000w, https:\/\/papangames.dk\/wp-content\/uploads\/2022\/08\/Gavekort-300x212.webp 300w, https:\/\/papangames.dk\/wp-content\/uploads\/2022\/08\/Gavekort-768x543.webp 768w, https:\/\/papangames.dk\/wp-content\/uploads\/2022\/08\/Gavekort-18x12.webp 18w, https:\/\/papangames.dk\/wp-content\/uploads\/2022\/08\/Gavekort-600x424.webp 600w\" sizes=\"auto, (max-width: 1000px) 100vw, 1000px\" \/><span aria-hidden=\"true\" class=\"wp-block-cover__background has-background-dim-20 has-background-dim\" style=\"background-color:#e0dedc\"><\/span><div class=\"wp-block-cover__inner-container is-layout-constrained wp-block-cover-is-layout-constrained\"><style>.wp-block-kadence-advancedheading.kt-adv-heading215_6be0ef-38, .wp-block-kadence-advancedheading.kt-adv-heading215_6be0ef-38[data-kb-block=\"kb-adv-heading215_6be0ef-38\"]{max-width:2000%;margin-right:auto;margin-left:auto;padding-top:19%;padding-bottom:19%;text-align:center;font-size:8rem;line-height:0.9;font-style:normal;text-transform:none;letter-spacing:6px;text-shadow:7px 4px 3px #101010;}.wp-block-kadence-advancedheading.kt-adv-heading215_6be0ef-38 mark.kt-highlight, .wp-block-kadence-advancedheading.kt-adv-heading215_6be0ef-38[data-kb-block=\"kb-adv-heading215_6be0ef-38\"] mark.kt-highlight{font-style:normal;color:#f76a0c;background:#000000;border-top:2px solid transparent;border-right:2px solid transparent;border-bottom:2px solid transparent;border-left:2px solid transparent;-webkit-box-decoration-break:clone;box-decoration-break:clone;padding-top:0px;padding-right:0px;padding-bottom:0px;padding-left:0px;}.wp-block-kadence-advancedheading.kt-adv-heading215_6be0ef-38 img.kb-inline-image, .wp-block-kadence-advancedheading.kt-adv-heading215_6be0ef-38[data-kb-block=\"kb-adv-heading215_6be0ef-38\"] img.kb-inline-image{width:150px;vertical-align:baseline;}@media all and (max-width: 1024px){.wp-block-kadence-advancedheading.kt-adv-heading215_6be0ef-38, .wp-block-kadence-advancedheading.kt-adv-heading215_6be0ef-38[data-kb-block=\"kb-adv-heading215_6be0ef-38\"]{padding-top:50%;text-shadow:7px 4px 3px #101010;font-size:200rem;}}@media all and (max-width: 1024px){.wp-block-kadence-advancedheading.kt-adv-heading215_6be0ef-38 mark.kt-highlight, .wp-block-kadence-advancedheading.kt-adv-heading215_6be0ef-38[data-kb-block=\"kb-adv-heading215_6be0ef-38\"] mark.kt-highlight{border-top:2px solid transparent;border-right:2px solid transparent;border-bottom:2px solid transparent;border-left:2px solid transparent;}}@media all and (max-width: 767px){.wp-block-kadence-advancedheading.kt-adv-heading215_6be0ef-38, .wp-block-kadence-advancedheading.kt-adv-heading215_6be0ef-38[data-kb-block=\"kb-adv-heading215_6be0ef-38\"]{padding-top:10%;padding-right:0%;padding-bottom:10%;padding-left:0%;margin-top:25%;margin-bottom:25%;text-shadow:7px 4px 3px #101010;font-size:3rem;text-align:center!important;}.wp-block-kadence-advancedheading.kt-adv-heading215_6be0ef-38 mark.kt-highlight, .wp-block-kadence-advancedheading.kt-adv-heading215_6be0ef-38[data-kb-block=\"kb-adv-heading215_6be0ef-38\"] mark.kt-highlight{border-top:2px solid transparent;border-right:2px solid transparent;border-bottom:2px solid transparent;border-left:2px solid transparent;}}<\/style>\n<h2 class=\"kt-adv-heading215_6be0ef-38 wp-block-kadence-advancedheading has-theme-palette-9-color has-text-color\" data-kb-block=\"kb-adv-heading215_6be0ef-38\">Gavekort<\/h2>\n<\/div><\/header>\n\n\n<style>.kadence-column215_a5fe76-3d > .kt-inside-inner-col,.kadence-column215_a5fe76-3d > .kt-inside-inner-col:before{border-top-left-radius:0px;border-top-right-radius:0px;border-bottom-right-radius:0px;border-bottom-left-radius:0px;}.kadence-column215_a5fe76-3d > .kt-inside-inner-col{column-gap:var(--global-kb-gap-sm, 1rem);}.kadence-column215_a5fe76-3d > .kt-inside-inner-col{flex-direction:column;}.kadence-column215_a5fe76-3d > .kt-inside-inner-col > .aligncenter{width:100%;}.kadence-column215_a5fe76-3d > .kt-inside-inner-col:before{opacity:0.3;}.kadence-column215_a5fe76-3d{text-align:left;}.kadence-column215_a5fe76-3d{position:relative;}.kadence-column215_a5fe76-3d, .kt-inside-inner-col > .kadence-column215_a5fe76-3d:not(.specificity){margin-top:2%;margin-right:25%;margin-left:25%;}@media all and (max-width: 1024px){.kadence-column215_a5fe76-3d > .kt-inside-inner-col{flex-direction:column;justify-content:center;}}@media all and (max-width: 1024px){.kadence-column215_a5fe76-3d, .kt-inside-inner-col > .kadence-column215_a5fe76-3d:not(.specificity){margin-right:0%;margin-left:0%;}}@media all and (max-width: 767px){.kadence-column215_a5fe76-3d > .kt-inside-inner-col{flex-direction:column;justify-content:center;}.kadence-column215_a5fe76-3d, .kt-inside-inner-col > .kadence-column215_a5fe76-3d:not(.specificity){margin-top:5%;margin-right:0%;margin-bottom:0%;margin-left:0%;}}<\/style>\n<div class=\"wp-block-kadence-column kadence-column215_a5fe76-3d kb-section-dir-vertical inner-column-1\"><div class=\"kt-inside-inner-col\">\n<p class=\"has-medium-font-size\">Vil du gl\u00e6de en du har k\u00e6r med et gavekort? S\u00e5 t\u00f8v ej, du har ogs\u00e5 muligheden for at v\u00e6lge et gavekort hos os! Vi \u00e6ndrer gerne layoutet s\u00e5 du f\u00e5r et ligesom du \u00f8nsker.<\/p>\n<\/div><\/div>\n\n\n<style>.kadence-column215_24325f-21 > .kt-inside-inner-col{display:flex;}.kadence-column215_24325f-21 > .kt-inside-inner-col{padding-top:1%;padding-bottom:5%;}.kadence-column215_24325f-21 > .kt-inside-inner-col,.kadence-column215_24325f-21 > .kt-inside-inner-col:before{border-top-left-radius:0px;border-top-right-radius:0px;border-bottom-right-radius:0px;border-bottom-left-radius:0px;}.kadence-column215_24325f-21 > .kt-inside-inner-col{column-gap:var(--global-kb-gap-sm, 1rem);}.kadence-column215_24325f-21 > .kt-inside-inner-col{flex-direction:row;flex-wrap:wrap;align-items:center;justify-content:center;}.kadence-column215_24325f-21 > .kt-inside-inner-col > *, .kadence-column215_24325f-21 > .kt-inside-inner-col > figure.wp-block-image, .kadence-column215_24325f-21 > .kt-inside-inner-col > figure.wp-block-kadence-image{margin-top:0px;margin-bottom:0px;}.kadence-column215_24325f-21 > .kt-inside-inner-col > .kb-image-is-ratio-size{flex-grow:1;}.kadence-column215_24325f-21 > .kt-inside-inner-col:before{opacity:0.3;}.kadence-column215_24325f-21{text-align:center;}.kadence-column215_24325f-21{position:relative;}@media all and (max-width: 1024px){.kadence-column215_24325f-21 > .kt-inside-inner-col{flex-direction:row;flex-wrap:wrap;align-items:center;justify-content:center;}}@media all and (min-width: 768px) and (max-width: 1024px){.kadence-column215_24325f-21 > .kt-inside-inner-col > *, .kadence-column215_24325f-21 > .kt-inside-inner-col > figure.wp-block-image, .kadence-column215_24325f-21 > .kt-inside-inner-col > figure.wp-block-kadence-image{margin-top:0px;margin-bottom:0px;}.kadence-column215_24325f-21 > .kt-inside-inner-col > .kb-image-is-ratio-size{flex-grow:1;}}@media all and (max-width: 767px){.kadence-column215_24325f-21 > .kt-inside-inner-col{flex-direction:row;flex-wrap:wrap;justify-content:flex-start;justify-content:center;}.kadence-column215_24325f-21 > .kt-inside-inner-col > *, .kadence-column215_24325f-21 > .kt-inside-inner-col > figure.wp-block-image, .kadence-column215_24325f-21 > .kt-inside-inner-col > figure.wp-block-kadence-image{margin-top:0px;margin-bottom:0px;}.kadence-column215_24325f-21 > .kt-inside-inner-col > .kb-image-is-ratio-size{flex-grow:1;}}<\/style>\n<div class=\"wp-block-kadence-column kadence-column215_24325f-21 kb-section-dir-horizontal inner-column-1\"><div class=\"kt-inside-inner-col\">\n<figure class=\"wp-block-image size-full is-resized\"><img loading=\"lazy\" decoding=\"async\" width=\"1000\" height=\"707\" src=\"https:\/\/papangames.dk\/wp-content\/uploads\/2022\/08\/Gavekort.webp\" alt=\"\" class=\"wp-image-2340\" style=\"aspect-ratio:1.4124293785310735;width:1110px;height:auto\" srcset=\"https:\/\/papangames.dk\/wp-content\/uploads\/2022\/08\/Gavekort.webp 1000w, https:\/\/papangames.dk\/wp-content\/uploads\/2022\/08\/Gavekort-300x212.webp 300w, https:\/\/papangames.dk\/wp-content\/uploads\/2022\/08\/Gavekort-768x543.webp 768w, https:\/\/papangames.dk\/wp-content\/uploads\/2022\/08\/Gavekort-18x12.webp 18w, https:\/\/papangames.dk\/wp-content\/uploads\/2022\/08\/Gavekort-600x424.webp 600w\" sizes=\"auto, (max-width: 1000px) 100vw, 1000px\" \/><\/figure>\n<\/div><\/div>\n\n\n\n<div class=\"wp-block-buttons is-horizontal is-content-justification-center is-layout-flex wp-container-core-buttons-is-layout-937ffba9 wp-block-buttons-is-layout-flex\">\n<div class=\"wp-block-button\"><a class=\"wp-block-button__link has-theme-palette-2-background-color has-background wp-element-button\" href=\"?attribute_v\u00e6rdi=199&amp;variation_id=2872&amp;add-to-cart=215\">199 kr.<\/a><\/div>\n\n\n\n<div class=\"wp-block-button\"><a class=\"wp-block-button__link has-theme-palette-2-background-color has-background wp-element-button\" href=\"?attribute_v\u00e6rdi=249&amp;variation_id=2873&amp;add-to-cart=215\">249 kr.<\/a><\/div>\n\n\n\n<div class=\"wp-block-button\"><a class=\"wp-block-button__link has-theme-palette-2-background-color has-background wp-element-button\" href=\"?attribute_v\u00e6rdi=299&amp;variation_id=2874&amp;add-to-cart=215\">299 kr.<\/a><\/div>\n\n\n\n<div class=\"wp-block-button\"><a class=\"wp-block-button__link has-theme-palette-9-color has-theme-palette-2-background-color has-text-color has-background wp-element-button\" href=\"?attribute_v\u00e6rdi=349&amp;variation_id=2875&amp;add-to-cart=215\">349 kr.<\/a><\/div>\n\n\n\n<div class=\"wp-block-button\"><a class=\"wp-block-button__link has-theme-palette-2-background-color has-background wp-element-button\" href=\"?attribute_v\u00e6rdi=399&amp;variation_id=2876&amp;add-to-cart=215\">399 kr.<\/a><\/div>\n\n\n\n<div class=\"wp-block-button\"><a class=\"wp-block-button__link has-theme-palette-2-background-color has-background wp-element-button\" href=\"?attribute_v\u00e6rdi=499&amp;variation_id=2877&amp;add-to-cart=215\">499 kr.<\/a><\/div>\n\n\n\n<div class=\"wp-block-button\"><a class=\"wp-block-button__link has-theme-palette-2-background-color has-background wp-element-button\" href=\"?attribute_v\u00e6rdi=599&amp;variation_id=2878&amp;add-to-cart=215\">599 kr.<\/a><\/div>\n\n\n\n<div class=\"wp-block-button\"><a class=\"wp-block-button__link has-theme-palette-2-background-color has-background wp-element-button\" href=\"?attribute_v\u00e6rdi=699&amp;variation_id=2879&amp;add-to-cart=215\">699 kr.<\/a><\/div>\n\n\n\n<div class=\"wp-block-button\"><a class=\"wp-block-button__link has-theme-palette-2-background-color has-background wp-element-button\" href=\"?attribute_v\u00e6rdi=799&amp;variation_id=2880&amp;add-to-cart=215\">799 kr.<\/a><\/div>\n\n\n\n<div class=\"wp-block-button\"><a class=\"wp-block-button__link has-theme-palette-2-background-color has-background wp-element-button\" href=\"?attribute_v\u00e6rdi=999&amp;variation_id=2881&amp;add-to-cart=215\">999 kr.<\/a><\/div>\n<\/div>\n\n\n<style>.kadence-column215_1a6fb6-a8 > .kt-inside-inner-col{display:flex;}.kadence-column215_1a6fb6-a8 > .kt-inside-inner-col{padding-bottom:2%;}.kadence-column215_1a6fb6-a8 > .kt-inside-inner-col,.kadence-column215_1a6fb6-a8 > .kt-inside-inner-col:before{border-top-left-radius:0px;border-top-right-radius:0px;border-bottom-right-radius:0px;border-bottom-left-radius:0px;}.kadence-column215_1a6fb6-a8 > .kt-inside-inner-col{column-gap:10px;}.kadence-column215_1a6fb6-a8 > .kt-inside-inner-col{flex-direction:row;flex-wrap:wrap;align-items:center;justify-content:center;}.kadence-column215_1a6fb6-a8 > .kt-inside-inner-col > *, .kadence-column215_1a6fb6-a8 > .kt-inside-inner-col > figure.wp-block-image, .kadence-column215_1a6fb6-a8 > .kt-inside-inner-col > figure.wp-block-kadence-image{margin-top:0px;margin-bottom:0px;}.kadence-column215_1a6fb6-a8 > .kt-inside-inner-col > .kb-image-is-ratio-size{flex-grow:1;}.kadence-column215_1a6fb6-a8 > .kt-inside-inner-col:before{opacity:0.3;}.kadence-column215_1a6fb6-a8{text-align:center;}.kadence-column215_1a6fb6-a8{position:relative;}@media all and (max-width: 1024px){.kadence-column215_1a6fb6-a8 > .kt-inside-inner-col{column-gap:116px;flex-direction:column;justify-content:center;align-items:stretch;flex-wrap:nowrap;}}@media all and (max-width: 1024px){.wp-block-kadence-column.kb-section-dir-horizontal.kadence-column215_1a6fb6-a8 > .kt-inside-inner-col > *{-webkit-flex:unset;flex:unset;}}@media all and (max-width: 1024px){.wp-block-kadence-column.kb-section-dir-horizontal.kadence-column215_1a6fb6-a8 > .kt-inside-inner-col > .wp-block-kadence-infobox{align-self:unset;}}@media all and (max-width: 1024px){.kadence-column215_1a6fb6-a8, .kt-inside-inner-col > .kadence-column215_1a6fb6-a8:not(.specificity){margin-right:-25px;margin-left:-25px;}}@media all and (max-width: 767px){.kadence-column215_1a6fb6-a8 > .kt-inside-inner-col{padding-top:5%;flex-direction:column;justify-content:center;align-items:stretch;}.kadence-column215_1a6fb6-a8{text-align:center;}.kadence-column215_1a6fb6-a8, .kt-inside-inner-col > .kadence-column215_1a6fb6-a8:not(.specificity){margin-right:-25px;margin-left:-25px;}}<\/style>\n<div class=\"wp-block-kadence-column kadence-column215_1a6fb6-a8 kb-section-dir-horizontal kb-section-md-dir-vertical inner-column-1\"><div class=\"kt-inside-inner-col\"><\/div><\/div>\n","protected":false},"excerpt":{"rendered":"<p>Do you want to please someone you love? Then don't worry, you've also got the opportunity to get a giftcard at us!<\/p>","protected":false},"featured_media":287,"template":"","meta":{"inline_featured_image":false,"_kadence_starter_templates_imported_post":false,"_kad_post_transparent":"disable","_kad_post_title":"hide","_kad_post_layout":"fullwidth","_kad_post_sidebar_id":"","_kad_post_content_style":"unboxed","_kad_post_vertical_padding":"","_kad_post_feature":"","_kad_post_feature_position":"","_kad_post_header":false,"_kad_post_footer":false,"_kad_post_classname":""},"product_brand":[],"product_cat":[16,19],"product_tag":[21,22],"class_list":{"0":"post-215","1":"product","2":"type-product","3":"status-publish","4":"has-post-thumbnail","6":"product_cat-braetspil","7":"product_cat-tilbehor","8":"product_tag-gavekort","9":"product_tag-giftcard","11":"first","12":"instock","13":"shipping-taxable","14":"purchasable","15":"product-type-variable","16":"entry","17":"content-bg","18":"loop-entry"},"_links":{"self":[{"href":"https:\/\/papangames.dk\/en\/wp-json\/wp\/v2\/product\/215","targetHints":{"allow":["GET"]}}],"collection":[{"href":"https:\/\/papangames.dk\/en\/wp-json\/wp\/v2\/product"}],"about":[{"href":"https:\/\/papangames.dk\/en\/wp-json\/wp\/v2\/types\/product"}],"wp:featuredmedia":[{"embeddable":true,"href":"https:\/\/papangames.dk\/en\/wp-json\/wp\/v2\/media\/287"}],"wp:attachment":[{"href":"https:\/\/papangames.dk\/en\/wp-json\/wp\/v2\/media?parent=215"}],"wp:term":[{"taxonomy":"product_brand","embeddable":true,"href":"https:\/\/papangames.dk\/en\/wp-json\/wp\/v2\/product_brand?post=215"},{"taxonomy":"product_cat","embeddable":true,"href":"https:\/\/papangames.dk\/en\/wp-json\/wp\/v2\/product_cat?post=215"},{"taxonomy":"product_tag","embeddable":true,"href":"https:\/\/papangames.dk\/en\/wp-json\/wp\/v2\/product_tag?post=215"}],"curies":[{"name":"wp","href":"https:\/\/api.w.org\/{rel}","templated":true}]}}