{"id":25,"date":"2022-08-10T15:41:03","date_gmt":"2022-08-10T13:41:03","guid":{"rendered":"https:\/\/papangames.dk\/?post_type=product&#038;p=25"},"modified":"2025-12-21T18:10:36","modified_gmt":"2025-12-21T16:10:36","slug":"stofposer-10-x-14-cm","status":"publish","type":"product","link":"https:\/\/papangames.dk\/en\/product\/stofposer-10-x-14-cm\/","title":{"rendered":"Bags 10 x 14 cm"},"content":{"rendered":"\n<header class=\"wp-block-cover fuld-bredde-banner has-medium-font-size\"><img loading=\"lazy\" decoding=\"async\" width=\"1100\" height=\"962\" class=\"wp-block-cover__image-background wp-image-2512 size-full\" alt=\"\" src=\"https:\/\/papangames.dk\/wp-content\/uploads\/2022\/09\/Alle-Lille.webp\" data-object-fit=\"cover\" srcset=\"https:\/\/papangames.dk\/wp-content\/uploads\/2022\/09\/Alle-Lille.webp 1100w, https:\/\/papangames.dk\/wp-content\/uploads\/2022\/09\/Alle-Lille-300x262.webp 300w, https:\/\/papangames.dk\/wp-content\/uploads\/2022\/09\/Alle-Lille-1024x896.webp 1024w, https:\/\/papangames.dk\/wp-content\/uploads\/2022\/09\/Alle-Lille-768x672.webp 768w, https:\/\/papangames.dk\/wp-content\/uploads\/2022\/09\/Alle-Lille-14x12.webp 14w, https:\/\/papangames.dk\/wp-content\/uploads\/2022\/09\/Alle-Lille-600x525.webp 600w\" sizes=\"auto, (max-width: 1100px) 100vw, 1100px\" \/><span aria-hidden=\"true\" class=\"wp-block-cover__background has-background-dim-20 has-background-dim\" style=\"background-color:#855b45\"><\/span><div class=\"wp-block-cover__inner-container is-layout-constrained wp-block-cover-is-layout-constrained\"><style>.wp-block-kadence-advancedheading.kt-adv-heading25_9428e0-41, .wp-block-kadence-advancedheading.kt-adv-heading25_9428e0-41[data-kb-block=\"kb-adv-heading25_9428e0-41\"]{max-width:2000%;margin-right:auto;margin-left:auto;padding-top:19%;padding-bottom:19%;text-align:center;font-size:8rem;line-height:0.9;font-style:normal;text-transform:none;letter-spacing:6px;text-shadow:7px 4px 3px #101010;}.wp-block-kadence-advancedheading.kt-adv-heading25_9428e0-41 mark.kt-highlight, .wp-block-kadence-advancedheading.kt-adv-heading25_9428e0-41[data-kb-block=\"kb-adv-heading25_9428e0-41\"] mark.kt-highlight{font-style:normal;color:#f76a0c;background:#000000;border-top:2px solid transparent;border-right:2px solid transparent;border-bottom:2px solid transparent;border-left:2px solid transparent;-webkit-box-decoration-break:clone;box-decoration-break:clone;padding-top:0px;padding-right:0px;padding-bottom:0px;padding-left:0px;}.wp-block-kadence-advancedheading.kt-adv-heading25_9428e0-41 img.kb-inline-image, .wp-block-kadence-advancedheading.kt-adv-heading25_9428e0-41[data-kb-block=\"kb-adv-heading25_9428e0-41\"] img.kb-inline-image{width:150px;vertical-align:baseline;}@media all and (max-width: 1024px){.wp-block-kadence-advancedheading.kt-adv-heading25_9428e0-41, .wp-block-kadence-advancedheading.kt-adv-heading25_9428e0-41[data-kb-block=\"kb-adv-heading25_9428e0-41\"]{padding-top:50%;text-shadow:7px 4px 3px #101010;font-size:200rem;}}@media all and (max-width: 1024px){.wp-block-kadence-advancedheading.kt-adv-heading25_9428e0-41 mark.kt-highlight, .wp-block-kadence-advancedheading.kt-adv-heading25_9428e0-41[data-kb-block=\"kb-adv-heading25_9428e0-41\"] mark.kt-highlight{border-top:2px solid transparent;border-right:2px solid transparent;border-bottom:2px solid transparent;border-left:2px solid transparent;}}@media all and (max-width: 767px){.wp-block-kadence-advancedheading.kt-adv-heading25_9428e0-41, .wp-block-kadence-advancedheading.kt-adv-heading25_9428e0-41[data-kb-block=\"kb-adv-heading25_9428e0-41\"]{padding-top:10%;padding-right:0%;padding-bottom:10%;padding-left:0%;margin-top:25%;margin-bottom:25%;text-shadow:7px 4px 3px #101010;font-size:3rem;text-align:center!important;}.wp-block-kadence-advancedheading.kt-adv-heading25_9428e0-41 mark.kt-highlight, .wp-block-kadence-advancedheading.kt-adv-heading25_9428e0-41[data-kb-block=\"kb-adv-heading25_9428e0-41\"] mark.kt-highlight{border-top:2px solid transparent;border-right:2px solid transparent;border-bottom:2px solid transparent;border-left:2px solid transparent;}}<\/style>\n<h2 class=\"kt-adv-heading25_9428e0-41 wp-block-kadence-advancedheading has-theme-palette-9-color has-text-color\" data-kb-block=\"kb-adv-heading25_9428e0-41\">Stofposer<br>10 x 14 cm<\/h2>\n<\/div><\/header>\n\n\n<style>.kadence-column25_431155-83 > .kt-inside-inner-col,.kadence-column25_431155-83 > .kt-inside-inner-col:before{border-top-left-radius:0px;border-top-right-radius:0px;border-bottom-right-radius:0px;border-bottom-left-radius:0px;}.kadence-column25_431155-83 > .kt-inside-inner-col{column-gap:var(--global-kb-gap-sm, 1rem);}.kadence-column25_431155-83 > .kt-inside-inner-col{flex-direction:column;}.kadence-column25_431155-83 > .kt-inside-inner-col > .aligncenter{width:100%;}.kadence-column25_431155-83 > .kt-inside-inner-col:before{opacity:0.3;}.kadence-column25_431155-83{text-align:left;}.kadence-column25_431155-83{position:relative;}.kadence-column25_431155-83, .kt-inside-inner-col > .kadence-column25_431155-83:not(.specificity){margin-top:2%;margin-right:25%;margin-left:25%;}@media all and (max-width: 1024px){.kadence-column25_431155-83 > .kt-inside-inner-col{flex-direction:column;justify-content:center;}}@media all and (max-width: 1024px){.kadence-column25_431155-83, .kt-inside-inner-col > .kadence-column25_431155-83:not(.specificity){margin-right:0%;margin-left:0%;}}@media all and (max-width: 767px){.kadence-column25_431155-83 > .kt-inside-inner-col{flex-direction:column;justify-content:center;}.kadence-column25_431155-83, .kt-inside-inner-col > .kadence-column25_431155-83:not(.specificity){margin-top:5%;margin-right:0%;margin-bottom:0%;margin-left:0%;}}<\/style>\n<div class=\"wp-block-kadence-column kadence-column25_431155-83 kb-section-dir-vertical inner-column-1\"><div class=\"kt-inside-inner-col\">\n<p class=\"has-medium-font-size\">Har du, ligesom os, st\u00e5et og \u00e6rgret dig over at dit nye spil ikke havde stofposer med?<br>T\u00f8v ej, vi har lige det du har brug for!<br><br>\u201cWe have got your bag!\u201d<br><br>Vi har disse stofposer (dice bags) som du kan bruge til at give dit spil lidt ekstra.<br><br>Brug dem til terninger, tokens og alle andre komponenter.<br><br>Poserne er lavet i l\u00e6rred og m\u00e5ler ca. 10 x 14 cm.<br><br>Er disse poser for ikke lige noget for dig? Vi har ogs\u00e5 andre slags poser i andre st\u00f8rrelser og andet materiale.<\/p>\n<\/div><\/div>\n\n\n<style>.kadence-column25_d09662-4e > .kt-inside-inner-col{padding-top:1%;padding-right:35%;padding-bottom:5%;padding-left:30%;}.kadence-column25_d09662-4e > .kt-inside-inner-col,.kadence-column25_d09662-4e > .kt-inside-inner-col:before{border-top-left-radius:0px;border-top-right-radius:0px;border-bottom-right-radius:0px;border-bottom-left-radius:0px;}.kadence-column25_d09662-4e > .kt-inside-inner-col{column-gap:4.9em;}.kadence-column25_d09662-4e > .kt-inside-inner-col{flex-direction:column;}.kadence-column25_d09662-4e > .kt-inside-inner-col > .aligncenter{width:100%;}.kadence-column25_d09662-4e > .kt-inside-inner-col:before{opacity:0.3;}.kadence-column25_d09662-4e{text-align:center;}.kadence-column25_d09662-4e{position:relative;}.kadence-column25_d09662-4e, .kt-inside-inner-col > .kadence-column25_d09662-4e:not(.specificity){margin-top:0%;margin-right:0%;margin-bottom:0%;margin-left:0%;}@media all and (max-width: 1024px){.kadence-column25_d09662-4e > .kt-inside-inner-col{flex-direction:column;justify-content:center;}}@media all and (max-width: 767px){.kadence-column25_d09662-4e > .kt-inside-inner-col{padding-right:0%;padding-bottom:var(--global-kb-spacing-sm, 1.5rem);padding-left:0%;flex-direction:column;justify-content:center;}}<\/style>\n<div class=\"wp-block-kadence-column kadence-column25_d09662-4e kb-section-dir-vertical inner-column-1\"><div class=\"kt-inside-inner-col\"><div class=\"wp-block-image\">\n<figure class=\"aligncenter size-full\"><img loading=\"lazy\" decoding=\"async\" width=\"343\" height=\"300\" src=\"https:\/\/papangames.dk\/wp-content\/uploads\/2022\/08\/Alle-Lille1.webp\" alt=\"Alle Lille\" class=\"wp-image-2514\" srcset=\"https:\/\/papangames.dk\/wp-content\/uploads\/2022\/08\/Alle-Lille1.webp 343w, https:\/\/papangames.dk\/wp-content\/uploads\/2022\/08\/Alle-Lille1-300x262.webp 300w, https:\/\/papangames.dk\/wp-content\/uploads\/2022\/08\/Alle-Lille1-14x12.webp 14w\" sizes=\"auto, (max-width: 343px) 100vw, 343px\" \/><\/figure>\n<\/div>\n\n<style>.wp-block-kadence-advancedheading.kt-adv-heading25_5ac404-1d, .wp-block-kadence-advancedheading.kt-adv-heading25_5ac404-1d[data-kb-block=\"kb-adv-heading25_5ac404-1d\"]{text-align:center;font-style:normal;}.wp-block-kadence-advancedheading.kt-adv-heading25_5ac404-1d mark.kt-highlight, .wp-block-kadence-advancedheading.kt-adv-heading25_5ac404-1d[data-kb-block=\"kb-adv-heading25_5ac404-1d\"] mark.kt-highlight{font-style:normal;color:#f76a0c;-webkit-box-decoration-break:clone;box-decoration-break:clone;padding-top:0px;padding-right:0px;padding-bottom:0px;padding-left:0px;}.wp-block-kadence-advancedheading.kt-adv-heading25_5ac404-1d img.kb-inline-image, .wp-block-kadence-advancedheading.kt-adv-heading25_5ac404-1d[data-kb-block=\"kb-adv-heading25_5ac404-1d\"] img.kb-inline-image{width:150px;vertical-align:baseline;}<\/style>\n<p class=\"kt-adv-heading25_5ac404-1d wp-block-kadence-advancedheading\" data-kb-block=\"kb-adv-heading25_5ac404-1d\">5 kr. pr. stk.<\/p>\n\n\n\n<div class=\"wp-block-buttons has-custom-font-size has-medium-font-size is-horizontal is-content-justification-center is-layout-flex wp-container-core-buttons-is-layout-937ffba9 wp-block-buttons-is-layout-flex\">\n<div class=\"wp-block-button\"><a class=\"wp-block-button__link has-background wp-element-button\" href=\"?attribute_farve=brun&amp;variation_id=2525&amp;add-to-cart=25\" style=\"background-color:#624b3d\">Brun<\/a><\/div>\n\n\n\n<div class=\"wp-block-button\"><a class=\"wp-block-button__link has-black-color has-text-color has-background wp-element-button\" href=\"?attribute_farve=hvid&amp;variation_id=2526&amp;add-to-cart=25\" style=\"background-color:#d9bda729\">Hvid<\/a><\/div>\n\n\n\n<div class=\"wp-block-button\"><a class=\"wp-block-button__link has-background wp-element-button\" href=\"?attribute_farve=lilla&amp;variation_id=2527&amp;add-to-cart=25\" style=\"background-color:#9b7c82\">Lilla<\/a><\/div>\n\n\n\n<div class=\"wp-block-button\"><a class=\"wp-block-button__link has-background wp-element-button\" href=\"?attribute_farve=lysebl\u00e5&amp;variation_id=2528&amp;add-to-cart=25\" style=\"background-color:#99abc2\">Lysebl\u00e5<\/a><\/div>\n\n\n\n<div class=\"wp-block-button\"><a class=\"wp-block-button__link has-background wp-element-button\" href=\"?attribute_farve=lysebrun&amp;variation_id=2529&amp;add-to-cart=25\" style=\"background-color:#b59b8a\">Lysebrun<\/a><\/div>\n\n\n\n<div class=\"wp-block-button\"><a class=\"wp-block-button__link has-background wp-element-button\" href=\"?attribute_farve=lyser\u00f8d&amp;variation_id=2530&amp;add-to-cart=25\" style=\"background-color:#e0b4af\">Lyser\u00f8d<\/a><\/div>\n\n\n\n<div class=\"wp-block-button\"><a class=\"wp-block-button__link has-background wp-element-button\" href=\"?attribute_farve=l\u00e6rred&amp;variation_id=2531&amp;add-to-cart=25\" style=\"background-color:#d4bba0\">L\u00e6rred<\/a><\/div>\n\n\n\n<div class=\"wp-block-button\"><a class=\"wp-block-button__link has-background wp-element-button\" href=\"?attribute_farve=orange&amp;variation_id=2532&amp;add-to-cart=25\" style=\"background-color:#d57f51\">Orange<\/a><\/div>\n\n\n\n<div class=\"wp-block-button\"><a class=\"wp-block-button__link has-background wp-element-button\" href=\"?attribute_farve=pink&amp;variation_id=2533&amp;add-to-cart=25\" style=\"background-color:#f199b4\">Pink<\/a><\/div>\n\n\n\n<div class=\"wp-block-button\"><a class=\"wp-block-button__link has-black-background-color has-background wp-element-button\" href=\"?attribute_farve=sort&amp;variation_id=2534&amp;add-to-cart=25\">Sort<\/a><\/div>\n<\/div>\n<\/div><\/div>\n\n\n<style>.kadence-column25_bd853b-ee > .kt-inside-inner-col{display:flex;}.kadence-column25_bd853b-ee > .kt-inside-inner-col{padding-bottom:2%;}.kadence-column25_bd853b-ee > .kt-inside-inner-col,.kadence-column25_bd853b-ee > .kt-inside-inner-col:before{border-top-left-radius:0px;border-top-right-radius:0px;border-bottom-right-radius:0px;border-bottom-left-radius:0px;}.kadence-column25_bd853b-ee > .kt-inside-inner-col{row-gap:10px;column-gap:10px;}.kadence-column25_bd853b-ee > .kt-inside-inner-col{flex-direction:row;flex-wrap:wrap;align-items:center;justify-content:center;}.kadence-column25_bd853b-ee > .kt-inside-inner-col > *, .kadence-column25_bd853b-ee > .kt-inside-inner-col > figure.wp-block-image, .kadence-column25_bd853b-ee > .kt-inside-inner-col > figure.wp-block-kadence-image{margin-top:0px;margin-bottom:0px;}.kadence-column25_bd853b-ee > .kt-inside-inner-col > .kb-image-is-ratio-size{flex-grow:1;}.kadence-column25_bd853b-ee > .kt-inside-inner-col:before{opacity:0.3;}.kadence-column25_bd853b-ee{text-align:center;}.kadence-column25_bd853b-ee{position:relative;}@media all and (max-width: 1024px){.kadence-column25_bd853b-ee > .kt-inside-inner-col{column-gap:116px;flex-direction:column;justify-content:center;align-items:stretch;flex-wrap:nowrap;}}@media all and (max-width: 1024px){.wp-block-kadence-column.kb-section-dir-horizontal.kadence-column25_bd853b-ee > .kt-inside-inner-col > *{-webkit-flex:unset;flex:unset;}}@media all and (max-width: 1024px){.wp-block-kadence-column.kb-section-dir-horizontal.kadence-column25_bd853b-ee > .kt-inside-inner-col > .wp-block-kadence-infobox{align-self:unset;}}@media all and (max-width: 1024px){.kadence-column25_bd853b-ee, .kt-inside-inner-col > .kadence-column25_bd853b-ee:not(.specificity){margin-right:-25px;margin-left:-25px;}}@media all and (max-width: 767px){.kadence-column25_bd853b-ee > .kt-inside-inner-col{padding-top:5%;flex-direction:column;justify-content:center;align-items:stretch;}.kadence-column25_bd853b-ee{text-align:center;}.kadence-column25_bd853b-ee, .kt-inside-inner-col > .kadence-column25_bd853b-ee:not(.specificity){margin-right:-25px;margin-left:-25px;}}<\/style>\n<div class=\"wp-block-kadence-column kadence-column25_bd853b-ee kb-section-dir-horizontal kb-section-md-dir-vertical inner-column-1\"><div class=\"kt-inside-inner-col\">\n<figure class=\"wp-block-gallery has-nested-images columns-5 is-cropped wp-block-gallery-1 is-layout-flex wp-block-gallery-is-layout-flex\">\n<figure class=\"wp-block-image size-full\"><a href=\"https:\/\/papangames.dk\/wp-content\/uploads\/2022\/08\/LL-Brun.jpg\" target=\"_blank\" rel=\"noopener\"><img loading=\"lazy\" decoding=\"async\" width=\"320\" height=\"240\" data-id=\"2515\" src=\"https:\/\/papangames.dk\/wp-content\/uploads\/2022\/08\/LL-Brun.jpg\" alt=\"\" class=\"wp-image-2515\" srcset=\"https:\/\/papangames.dk\/wp-content\/uploads\/2022\/08\/LL-Brun.jpg 320w, https:\/\/papangames.dk\/wp-content\/uploads\/2022\/08\/LL-Brun-300x225.jpg 300w, https:\/\/papangames.dk\/wp-content\/uploads\/2022\/08\/LL-Brun-16x12.jpg 16w\" sizes=\"auto, (max-width: 320px) 100vw, 320px\" \/><\/a><figcaption class=\"wp-element-caption\">Brun<\/figcaption><\/figure>\n\n\n\n<figure class=\"wp-block-image size-full is-style-default\"><a href=\"https:\/\/papangames.dk\/wp-content\/uploads\/2022\/08\/LL-Hvid.jpg\" target=\"_blank\" rel=\"noopener\"><img loading=\"lazy\" decoding=\"async\" width=\"320\" height=\"240\" data-id=\"2516\" src=\"https:\/\/papangames.dk\/wp-content\/uploads\/2022\/08\/LL-Hvid.jpg\" alt=\"\" class=\"wp-image-2516\" srcset=\"https:\/\/papangames.dk\/wp-content\/uploads\/2022\/08\/LL-Hvid.jpg 320w, https:\/\/papangames.dk\/wp-content\/uploads\/2022\/08\/LL-Hvid-300x225.jpg 300w, https:\/\/papangames.dk\/wp-content\/uploads\/2022\/08\/LL-Hvid-16x12.jpg 16w\" sizes=\"auto, (max-width: 320px) 100vw, 320px\" \/><\/a><figcaption class=\"wp-element-caption\">Hvid<\/figcaption><\/figure>\n\n\n\n<figure class=\"wp-block-image size-full\"><a href=\"https:\/\/papangames.dk\/wp-content\/uploads\/2022\/08\/LL-Lilla-1.jpg\" target=\"_blank\" rel=\"noopener\"><img loading=\"lazy\" decoding=\"async\" width=\"320\" height=\"240\" data-id=\"2517\" src=\"https:\/\/papangames.dk\/wp-content\/uploads\/2022\/08\/LL-Lilla-1.jpg\" alt=\"\" class=\"wp-image-2517\" srcset=\"https:\/\/papangames.dk\/wp-content\/uploads\/2022\/08\/LL-Lilla-1.jpg 320w, https:\/\/papangames.dk\/wp-content\/uploads\/2022\/08\/LL-Lilla-1-300x225.jpg 300w, https:\/\/papangames.dk\/wp-content\/uploads\/2022\/08\/LL-Lilla-1-16x12.jpg 16w\" sizes=\"auto, (max-width: 320px) 100vw, 320px\" \/><\/a><figcaption class=\"wp-element-caption\">Lilla<\/figcaption><\/figure>\n\n\n\n<figure class=\"wp-block-image size-full\"><a href=\"https:\/\/papangames.dk\/wp-content\/uploads\/2022\/08\/LL-Lyseblaa.jpg\" target=\"_blank\" rel=\"noopener\"><img loading=\"lazy\" decoding=\"async\" width=\"320\" height=\"240\" data-id=\"2518\" src=\"https:\/\/papangames.dk\/wp-content\/uploads\/2022\/08\/LL-Lyseblaa.jpg\" alt=\"Stofposer\" class=\"wp-image-2518\" srcset=\"https:\/\/papangames.dk\/wp-content\/uploads\/2022\/08\/LL-Lyseblaa.jpg 320w, https:\/\/papangames.dk\/wp-content\/uploads\/2022\/08\/LL-Lyseblaa-300x225.jpg 300w, https:\/\/papangames.dk\/wp-content\/uploads\/2022\/08\/LL-Lyseblaa-16x12.jpg 16w\" sizes=\"auto, (max-width: 320px) 100vw, 320px\" \/><\/a><figcaption class=\"wp-element-caption\">Lysebl\u00e5<\/figcaption><\/figure>\n\n\n\n<figure class=\"wp-block-image size-full\"><a href=\"https:\/\/papangames.dk\/wp-content\/uploads\/2022\/08\/LL-Lysebrun.jpg\" target=\"_blank\" rel=\"noopener\"><img loading=\"lazy\" decoding=\"async\" width=\"320\" height=\"240\" data-id=\"2519\" src=\"https:\/\/papangames.dk\/wp-content\/uploads\/2022\/08\/LL-Lysebrun.jpg\" alt=\"\" class=\"wp-image-2519\" srcset=\"https:\/\/papangames.dk\/wp-content\/uploads\/2022\/08\/LL-Lysebrun.jpg 320w, https:\/\/papangames.dk\/wp-content\/uploads\/2022\/08\/LL-Lysebrun-300x225.jpg 300w, https:\/\/papangames.dk\/wp-content\/uploads\/2022\/08\/LL-Lysebrun-16x12.jpg 16w\" sizes=\"auto, (max-width: 320px) 100vw, 320px\" \/><\/a><figcaption class=\"wp-element-caption\">Lysebrun<\/figcaption><\/figure>\n\n\n\n<figure class=\"wp-block-image size-full is-style-default\"><a href=\"https:\/\/papangames.dk\/wp-content\/uploads\/2022\/08\/LL-Lyseroed.jpg\" target=\"_blank\" rel=\"noopener\"><img loading=\"lazy\" decoding=\"async\" width=\"320\" height=\"240\" data-id=\"2520\" src=\"https:\/\/papangames.dk\/wp-content\/uploads\/2022\/08\/LL-Lyseroed.jpg\" alt=\"\" class=\"wp-image-2520\" srcset=\"https:\/\/papangames.dk\/wp-content\/uploads\/2022\/08\/LL-Lyseroed.jpg 320w, https:\/\/papangames.dk\/wp-content\/uploads\/2022\/08\/LL-Lyseroed-300x225.jpg 300w, https:\/\/papangames.dk\/wp-content\/uploads\/2022\/08\/LL-Lyseroed-16x12.jpg 16w\" sizes=\"auto, (max-width: 320px) 100vw, 320px\" \/><\/a><figcaption class=\"wp-element-caption\">Lyser\u00f8d<\/figcaption><\/figure>\n\n\n\n<figure class=\"wp-block-image size-full\"><a href=\"https:\/\/papangames.dk\/wp-content\/uploads\/2022\/08\/LL-Laerred.jpg\" target=\"_blank\" rel=\"noopener\"><img loading=\"lazy\" decoding=\"async\" width=\"320\" height=\"240\" data-id=\"2521\" src=\"https:\/\/papangames.dk\/wp-content\/uploads\/2022\/08\/LL-Laerred.jpg\" alt=\"\" class=\"wp-image-2521\" srcset=\"https:\/\/papangames.dk\/wp-content\/uploads\/2022\/08\/LL-Laerred.jpg 320w, https:\/\/papangames.dk\/wp-content\/uploads\/2022\/08\/LL-Laerred-300x225.jpg 300w, https:\/\/papangames.dk\/wp-content\/uploads\/2022\/08\/LL-Laerred-16x12.jpg 16w\" sizes=\"auto, (max-width: 320px) 100vw, 320px\" \/><\/a><figcaption class=\"wp-element-caption\">L\u00e6rred<\/figcaption><\/figure>\n\n\n\n<figure class=\"wp-block-image size-full\"><a href=\"https:\/\/papangames.dk\/wp-content\/uploads\/2022\/08\/LL-Orange.jpg\" target=\"_blank\" rel=\"noopener\"><img loading=\"lazy\" decoding=\"async\" width=\"320\" height=\"240\" data-id=\"2522\" src=\"https:\/\/papangames.dk\/wp-content\/uploads\/2022\/08\/LL-Orange.jpg\" alt=\"\" class=\"wp-image-2522\" srcset=\"https:\/\/papangames.dk\/wp-content\/uploads\/2022\/08\/LL-Orange.jpg 320w, https:\/\/papangames.dk\/wp-content\/uploads\/2022\/08\/LL-Orange-300x225.jpg 300w, https:\/\/papangames.dk\/wp-content\/uploads\/2022\/08\/LL-Orange-16x12.jpg 16w\" sizes=\"auto, (max-width: 320px) 100vw, 320px\" \/><\/a><figcaption class=\"wp-element-caption\">Orange<\/figcaption><\/figure>\n\n\n\n<figure class=\"wp-block-image size-full\"><a href=\"https:\/\/papangames.dk\/wp-content\/uploads\/2022\/08\/LL-Pink.jpg\" target=\"_blank\" rel=\"noopener\"><img loading=\"lazy\" decoding=\"async\" width=\"320\" height=\"240\" data-id=\"2523\" src=\"https:\/\/papangames.dk\/wp-content\/uploads\/2022\/08\/LL-Pink.jpg\" alt=\"\" class=\"wp-image-2523\" srcset=\"https:\/\/papangames.dk\/wp-content\/uploads\/2022\/08\/LL-Pink.jpg 320w, https:\/\/papangames.dk\/wp-content\/uploads\/2022\/08\/LL-Pink-300x225.jpg 300w, https:\/\/papangames.dk\/wp-content\/uploads\/2022\/08\/LL-Pink-16x12.jpg 16w\" sizes=\"auto, (max-width: 320px) 100vw, 320px\" \/><\/a><figcaption class=\"wp-element-caption\">Pink<\/figcaption><\/figure>\n\n\n\n<figure class=\"wp-block-image size-full\"><a href=\"https:\/\/papangames.dk\/wp-content\/uploads\/2022\/08\/LL-Sort.jpg\" target=\"_blank\" rel=\"noopener\"><img loading=\"lazy\" decoding=\"async\" width=\"320\" height=\"240\" data-id=\"2524\" src=\"https:\/\/papangames.dk\/wp-content\/uploads\/2022\/08\/LL-Sort.jpg\" alt=\"\" class=\"wp-image-2524\" srcset=\"https:\/\/papangames.dk\/wp-content\/uploads\/2022\/08\/LL-Sort.jpg 320w, https:\/\/papangames.dk\/wp-content\/uploads\/2022\/08\/LL-Sort-300x225.jpg 300w, https:\/\/papangames.dk\/wp-content\/uploads\/2022\/08\/LL-Sort-16x12.jpg 16w\" sizes=\"auto, (max-width: 320px) 100vw, 320px\" \/><\/a><figcaption class=\"wp-element-caption\">Sort<\/figcaption><\/figure>\n<\/figure>\n<\/div><\/div>\n","protected":false},"excerpt":{"rendered":"<p>Har du, ligesom os, st\u00e5et og \u00e6rgret dig over at dit nye spil ikke havde stofposer med? T\u00f8v ej, vi har lige det du har brug for! &#8220;We have got your bag!&#8221;<\/p>","protected":false},"featured_media":2514,"template":"","meta":{"inline_featured_image":false,"_kadence_starter_templates_imported_post":false,"_kad_post_transparent":"disable","_kad_post_title":"hide","_kad_post_layout":"fullwidth","_kad_post_sidebar_id":"","_kad_post_content_style":"unboxed","_kad_post_vertical_padding":"","_kad_post_feature":"","_kad_post_feature_position":"","_kad_post_header":false,"_kad_post_footer":false,"_kad_post_classname":""},"product_brand":[],"product_cat":[19],"product_tag":[20],"class_list":{"0":"post-25","1":"product","2":"type-product","3":"status-publish","4":"has-post-thumbnail","6":"product_cat-tilbehor","7":"product_tag-stofposer","8":"product_shipping_class-1-kg","10":"first","11":"instock","12":"shipping-taxable","13":"purchasable","14":"product-type-variable","15":"entry","16":"content-bg","17":"loop-entry"},"_links":{"self":[{"href":"https:\/\/papangames.dk\/en\/wp-json\/wp\/v2\/product\/25","targetHints":{"allow":["GET"]}}],"collection":[{"href":"https:\/\/papangames.dk\/en\/wp-json\/wp\/v2\/product"}],"about":[{"href":"https:\/\/papangames.dk\/en\/wp-json\/wp\/v2\/types\/product"}],"wp:featuredmedia":[{"embeddable":true,"href":"https:\/\/papangames.dk\/en\/wp-json\/wp\/v2\/media\/2514"}],"wp:attachment":[{"href":"https:\/\/papangames.dk\/en\/wp-json\/wp\/v2\/media?parent=25"}],"wp:term":[{"taxonomy":"product_brand","embeddable":true,"href":"https:\/\/papangames.dk\/en\/wp-json\/wp\/v2\/product_brand?post=25"},{"taxonomy":"product_cat","embeddable":true,"href":"https:\/\/papangames.dk\/en\/wp-json\/wp\/v2\/product_cat?post=25"},{"taxonomy":"product_tag","embeddable":true,"href":"https:\/\/papangames.dk\/en\/wp-json\/wp\/v2\/product_tag?post=25"}],"curies":[{"name":"wp","href":"https:\/\/api.w.org\/{rel}","templated":true}]}}