{"id":36,"date":"2022-08-10T15:41:04","date_gmt":"2022-08-10T13:41:04","guid":{"rendered":"https:\/\/papangames.dk\/?post_type=product&#038;p=36"},"modified":"2025-12-21T18:06:17","modified_gmt":"2025-12-21T16:06:17","slug":"stofposer-13-x-18-cm","status":"publish","type":"product","link":"https:\/\/papangames.dk\/en\/product\/stofposer-13-x-18-cm\/","title":{"rendered":"Bags 13 x 18 cm"},"content":{"rendered":"\n<header class=\"wp-block-cover fuld-bredde-banner has-medium-font-size\"><img loading=\"lazy\" decoding=\"async\" width=\"1100\" height=\"962\" class=\"wp-block-cover__image-background wp-image-2689 size-full\" alt=\"Alle Stor\" src=\"https:\/\/papangames.dk\/wp-content\/uploads\/2022\/09\/Alle-Stor.webp\" data-object-fit=\"cover\" srcset=\"https:\/\/papangames.dk\/wp-content\/uploads\/2022\/09\/Alle-Stor.webp 1100w, https:\/\/papangames.dk\/wp-content\/uploads\/2022\/09\/Alle-Stor-300x262.webp 300w, https:\/\/papangames.dk\/wp-content\/uploads\/2022\/09\/Alle-Stor-1024x896.webp 1024w, https:\/\/papangames.dk\/wp-content\/uploads\/2022\/09\/Alle-Stor-768x672.webp 768w, https:\/\/papangames.dk\/wp-content\/uploads\/2022\/09\/Alle-Stor-14x12.webp 14w, https:\/\/papangames.dk\/wp-content\/uploads\/2022\/09\/Alle-Stor-600x525.webp 600w\" sizes=\"auto, (max-width: 1100px) 100vw, 1100px\" \/><span aria-hidden=\"true\" class=\"wp-block-cover__background has-background-dim-20 has-background-dim\" style=\"background-color:#8a5f43\"><\/span><div class=\"wp-block-cover__inner-container is-layout-constrained wp-block-cover-is-layout-constrained\"><style>.wp-block-kadence-advancedheading.kt-adv-heading36_b3c973-7b, .wp-block-kadence-advancedheading.kt-adv-heading36_b3c973-7b[data-kb-block=\"kb-adv-heading36_b3c973-7b\"]{max-width:2000%;margin-right:auto;margin-left:auto;padding-top:19%;padding-bottom:19%;text-align:center;font-size:8rem;line-height:0.9;font-style:normal;text-transform:none;letter-spacing:6px;text-shadow:7px 4px 3px #101010;}.wp-block-kadence-advancedheading.kt-adv-heading36_b3c973-7b mark.kt-highlight, .wp-block-kadence-advancedheading.kt-adv-heading36_b3c973-7b[data-kb-block=\"kb-adv-heading36_b3c973-7b\"] mark.kt-highlight{font-style:normal;color:#f76a0c;background:#000000;border-top:2px solid transparent;border-right:2px solid transparent;border-bottom:2px solid transparent;border-left:2px solid transparent;-webkit-box-decoration-break:clone;box-decoration-break:clone;padding-top:0px;padding-right:0px;padding-bottom:0px;padding-left:0px;}.wp-block-kadence-advancedheading.kt-adv-heading36_b3c973-7b img.kb-inline-image, .wp-block-kadence-advancedheading.kt-adv-heading36_b3c973-7b[data-kb-block=\"kb-adv-heading36_b3c973-7b\"] img.kb-inline-image{width:150px;vertical-align:baseline;}@media all and (max-width: 1024px){.wp-block-kadence-advancedheading.kt-adv-heading36_b3c973-7b, .wp-block-kadence-advancedheading.kt-adv-heading36_b3c973-7b[data-kb-block=\"kb-adv-heading36_b3c973-7b\"]{padding-top:50%;text-shadow:7px 4px 3px #101010;font-size:200rem;}}@media all and (max-width: 1024px){.wp-block-kadence-advancedheading.kt-adv-heading36_b3c973-7b mark.kt-highlight, .wp-block-kadence-advancedheading.kt-adv-heading36_b3c973-7b[data-kb-block=\"kb-adv-heading36_b3c973-7b\"] mark.kt-highlight{border-top:2px solid transparent;border-right:2px solid transparent;border-bottom:2px solid transparent;border-left:2px solid transparent;}}@media all and (max-width: 767px){.wp-block-kadence-advancedheading.kt-adv-heading36_b3c973-7b, .wp-block-kadence-advancedheading.kt-adv-heading36_b3c973-7b[data-kb-block=\"kb-adv-heading36_b3c973-7b\"]{padding-top:10%;padding-right:0%;padding-bottom:10%;padding-left:0%;margin-top:25%;margin-bottom:25%;text-shadow:7px 4px 3px #101010;font-size:3rem;text-align:center!important;}.wp-block-kadence-advancedheading.kt-adv-heading36_b3c973-7b mark.kt-highlight, .wp-block-kadence-advancedheading.kt-adv-heading36_b3c973-7b[data-kb-block=\"kb-adv-heading36_b3c973-7b\"] mark.kt-highlight{border-top:2px solid transparent;border-right:2px solid transparent;border-bottom:2px solid transparent;border-left:2px solid transparent;}}<\/style>\n<h2 class=\"kt-adv-heading36_b3c973-7b wp-block-kadence-advancedheading has-theme-palette-9-color has-text-color\" data-kb-block=\"kb-adv-heading36_b3c973-7b\">Stofposer<br>13 x 18 cm<\/h2>\n<\/div><\/header>\n\n\n<style>.kadence-column36_ec1e3c-ac > .kt-inside-inner-col,.kadence-column36_ec1e3c-ac > .kt-inside-inner-col:before{border-top-left-radius:0px;border-top-right-radius:0px;border-bottom-right-radius:0px;border-bottom-left-radius:0px;}.kadence-column36_ec1e3c-ac > .kt-inside-inner-col{column-gap:var(--global-kb-gap-sm, 1rem);}.kadence-column36_ec1e3c-ac > .kt-inside-inner-col{flex-direction:column;}.kadence-column36_ec1e3c-ac > .kt-inside-inner-col > .aligncenter{width:100%;}.kadence-column36_ec1e3c-ac > .kt-inside-inner-col:before{opacity:0.3;}.kadence-column36_ec1e3c-ac{text-align:left;}.kadence-column36_ec1e3c-ac{position:relative;}.kadence-column36_ec1e3c-ac, .kt-inside-inner-col > .kadence-column36_ec1e3c-ac:not(.specificity){margin-top:2%;margin-right:25%;margin-left:25%;}@media all and (max-width: 1024px){.kadence-column36_ec1e3c-ac > .kt-inside-inner-col{flex-direction:column;justify-content:center;}}@media all and (max-width: 1024px){.kadence-column36_ec1e3c-ac, .kt-inside-inner-col > .kadence-column36_ec1e3c-ac:not(.specificity){margin-right:0%;margin-left:0%;}}@media all and (max-width: 767px){.kadence-column36_ec1e3c-ac > .kt-inside-inner-col{flex-direction:column;justify-content:center;}.kadence-column36_ec1e3c-ac, .kt-inside-inner-col > .kadence-column36_ec1e3c-ac:not(.specificity){margin-top:5%;margin-right:0%;margin-bottom:0%;margin-left:0%;}}<\/style>\n<div class=\"wp-block-kadence-column kadence-column36_ec1e3c-ac kb-section-dir-vertical inner-column-1\"><div class=\"kt-inside-inner-col\">\n<p class=\"has-medium-font-size\">Har du, ligesom os, st\u00e5et og \u00e6rgret dig over at dit nye spil ikke havde stofposer med?<br>T\u00f8v ej, vi har lige det du har brug for!<br><br>\u201cWe have got your bag!\u201d<br><br>Vi har disse stofposer (dice bags) som du kan bruge til at give dit spil lidt ekstra.<br><br>Brug dem til terninger, tokens og alle andre komponenter.<br><br>Poserne er lavet i l\u00e6rred og m\u00e5ler ca. 13 x 18 cm.<br><br>Er disse poser for ikke lige noget for dig? Vi har ogs\u00e5 andre slags poser i andre st\u00f8rrelser og andet materiale.<\/p>\n<\/div><\/div>\n\n\n<style>.kadence-column36_9398c7-53 > .kt-inside-inner-col{padding-top:1%;padding-right:35%;padding-bottom:5%;padding-left:30%;}.kadence-column36_9398c7-53 > .kt-inside-inner-col,.kadence-column36_9398c7-53 > .kt-inside-inner-col:before{border-top-left-radius:0px;border-top-right-radius:0px;border-bottom-right-radius:0px;border-bottom-left-radius:0px;}.kadence-column36_9398c7-53 > .kt-inside-inner-col{column-gap:4.9em;}.kadence-column36_9398c7-53 > .kt-inside-inner-col{flex-direction:column;}.kadence-column36_9398c7-53 > .kt-inside-inner-col > .aligncenter{width:100%;}.kadence-column36_9398c7-53 > .kt-inside-inner-col:before{opacity:0.3;}.kadence-column36_9398c7-53{text-align:center;}.kadence-column36_9398c7-53{position:relative;}.kadence-column36_9398c7-53, .kt-inside-inner-col > .kadence-column36_9398c7-53:not(.specificity){margin-top:0%;margin-right:0%;margin-bottom:0%;margin-left:0%;}@media all and (max-width: 1024px){.kadence-column36_9398c7-53 > .kt-inside-inner-col{flex-direction:column;justify-content:center;}}@media all and (max-width: 767px){.kadence-column36_9398c7-53 > .kt-inside-inner-col{padding-right:0%;padding-bottom:var(--global-kb-spacing-sm, 1.5rem);padding-left:0%;flex-direction:column;justify-content:center;}}<\/style>\n<div class=\"wp-block-kadence-column kadence-column36_9398c7-53 kb-section-dir-vertical inner-column-1\"><div class=\"kt-inside-inner-col\"><div class=\"wp-block-image\">\n<figure class=\"aligncenter size-full\"><img loading=\"lazy\" decoding=\"async\" width=\"343\" height=\"300\" src=\"https:\/\/papangames.dk\/wp-content\/uploads\/2022\/08\/Alle-Stor1.webp\" alt=\"Alle Stor\" class=\"wp-image-2690\" srcset=\"https:\/\/papangames.dk\/wp-content\/uploads\/2022\/08\/Alle-Stor1.webp 343w, https:\/\/papangames.dk\/wp-content\/uploads\/2022\/08\/Alle-Stor1-300x262.webp 300w, https:\/\/papangames.dk\/wp-content\/uploads\/2022\/08\/Alle-Stor1-14x12.webp 14w\" sizes=\"auto, (max-width: 343px) 100vw, 343px\" \/><\/figure>\n<\/div>\n\n<style>.wp-block-kadence-advancedheading.kt-adv-heading36_74012d-3a, .wp-block-kadence-advancedheading.kt-adv-heading36_74012d-3a[data-kb-block=\"kb-adv-heading36_74012d-3a\"]{text-align:center;font-style:normal;}.wp-block-kadence-advancedheading.kt-adv-heading36_74012d-3a mark.kt-highlight, .wp-block-kadence-advancedheading.kt-adv-heading36_74012d-3a[data-kb-block=\"kb-adv-heading36_74012d-3a\"] mark.kt-highlight{font-style:normal;color:#f76a0c;-webkit-box-decoration-break:clone;box-decoration-break:clone;padding-top:0px;padding-right:0px;padding-bottom:0px;padding-left:0px;}.wp-block-kadence-advancedheading.kt-adv-heading36_74012d-3a img.kb-inline-image, .wp-block-kadence-advancedheading.kt-adv-heading36_74012d-3a[data-kb-block=\"kb-adv-heading36_74012d-3a\"] img.kb-inline-image{width:150px;vertical-align:baseline;}<\/style>\n<p class=\"kt-adv-heading36_74012d-3a wp-block-kadence-advancedheading\" data-kb-block=\"kb-adv-heading36_74012d-3a\">7 kr. pr. stk.<\/p>\n\n\n\n<div class=\"wp-block-buttons has-custom-font-size has-medium-font-size is-horizontal is-content-justification-center is-layout-flex wp-container-core-buttons-is-layout-937ffba9 wp-block-buttons-is-layout-flex\">\n<div class=\"wp-block-button\"><a class=\"wp-block-button__link has-background wp-element-button\" href=\"?attribute_farve=m\u00f8rker\u00f8d&amp;variation_id=2701&amp;add-to-cart=36\" style=\"background-color:#a60000\">M\u00f8rker\u00f8d<\/a><\/div>\n\n\n\n<div class=\"wp-block-button\"><a class=\"wp-block-button__link has-black-color has-text-color has-background wp-element-button\" href=\"?attribute_farve=hvid&amp;variation_id=2702&amp;add-to-cart=36\" style=\"background-color:#d9bda729\">Hvid<\/a><\/div>\n\n\n\n<div class=\"wp-block-button\"><a class=\"wp-block-button__link has-background wp-element-button\" href=\"?attribute_farve=lilla&amp;variation_id=2703&amp;add-to-cart=36\" style=\"background-color:#9b7c82\">Lilla<\/a><\/div>\n\n\n\n<div class=\"wp-block-button\"><a class=\"wp-block-button__link has-background wp-element-button\" href=\"?attribute_farve=lysebl\u00e5&amp;variation_id=2704&amp;add-to-cart=36\" style=\"background-color:#99abc2\">Lysebl\u00e5<\/a><\/div>\n\n\n\n<div class=\"wp-block-button\"><a class=\"wp-block-button__link has-background wp-element-button\" href=\"?attribute_farve=lysebrun&amp;variation_id=2705&amp;add-to-cart=36\" style=\"background-color:#b59b8a\">Lysebrun<\/a><\/div>\n\n\n\n<div class=\"wp-block-button\"><a class=\"wp-block-button__link has-background wp-element-button\" href=\"?attribute_farve=lyser\u00f8d&amp;variation_id=2706&amp;add-to-cart=36\" style=\"background-color:#e0b4af\">Lyser\u00f8d<\/a><\/div>\n\n\n\n<div class=\"wp-block-button\"><a class=\"wp-block-button__link has-background wp-element-button\" href=\"?attribute_farve=l\u00e6rred&amp;variation_id=2707&amp;add-to-cart=36\" style=\"background-color:#d4bba0\">L\u00e6rred<\/a><\/div>\n\n\n\n<div class=\"wp-block-button\"><a class=\"wp-block-button__link has-background wp-element-button\" href=\"?attribute_farve=orange&amp;variation_id=2708&amp;add-to-cart=36\" style=\"background-color:#d57f51\">Orange<\/a><\/div>\n\n\n\n<div class=\"wp-block-button\"><a class=\"wp-block-button__link has-background wp-element-button\" href=\"?attribute_farve=r\u00f8d&amp;variation_id=2709&amp;add-to-cart=36\" style=\"background-color:#e35444\">R\u00f8d<\/a><\/div>\n\n\n\n<div class=\"wp-block-button\"><a class=\"wp-block-button__link has-black-background-color has-background wp-element-button\" href=\"?attribute_farve=sort&amp;variation_id=2710&amp;add-to-cart=36\">Sort<\/a><\/div>\n<\/div>\n<\/div><\/div>\n\n\n\n<figure class=\"wp-block-gallery has-nested-images columns-5 is-cropped wp-block-gallery-1 is-layout-flex wp-block-gallery-is-layout-flex\">\n<figure class=\"wp-block-image size-full\"><a href=\"https:\/\/papangames.dk\/wp-content\/uploads\/2022\/08\/SL-Moerkeroed.webp\" target=\"_blank\" rel=\"noopener\"><img loading=\"lazy\" decoding=\"async\" width=\"300\" height=\"300\" data-id=\"2720\" src=\"https:\/\/papangames.dk\/wp-content\/uploads\/2022\/08\/SL-Moerkeroed.webp\" alt=\"\" class=\"wp-image-2720\" srcset=\"https:\/\/papangames.dk\/wp-content\/uploads\/2022\/08\/SL-Moerkeroed.webp 300w, https:\/\/papangames.dk\/wp-content\/uploads\/2022\/08\/SL-Moerkeroed-150x150.webp 150w, https:\/\/papangames.dk\/wp-content\/uploads\/2022\/08\/SL-Moerkeroed-12x12.webp 12w, https:\/\/papangames.dk\/wp-content\/uploads\/2022\/08\/SL-Moerkeroed-100x100.webp 100w\" sizes=\"auto, (max-width: 300px) 100vw, 300px\" \/><\/a><figcaption class=\"wp-element-caption\">M\u00f8rker\u00f8d<\/figcaption><\/figure>\n\n\n\n<figure class=\"wp-block-image size-full is-style-default\"><a href=\"https:\/\/papangames.dk\/wp-content\/uploads\/2022\/08\/SL-Hvid.webp\" target=\"_blank\" rel=\"noopener\"><img loading=\"lazy\" decoding=\"async\" width=\"300\" height=\"300\" data-id=\"2723\" src=\"https:\/\/papangames.dk\/wp-content\/uploads\/2022\/08\/SL-Hvid.webp\" alt=\"\" class=\"wp-image-2723\" srcset=\"https:\/\/papangames.dk\/wp-content\/uploads\/2022\/08\/SL-Hvid.webp 300w, https:\/\/papangames.dk\/wp-content\/uploads\/2022\/08\/SL-Hvid-150x150.webp 150w, https:\/\/papangames.dk\/wp-content\/uploads\/2022\/08\/SL-Hvid-12x12.webp 12w, https:\/\/papangames.dk\/wp-content\/uploads\/2022\/08\/SL-Hvid-100x100.webp 100w\" sizes=\"auto, (max-width: 300px) 100vw, 300px\" \/><\/a><figcaption class=\"wp-element-caption\">Hvid<\/figcaption><\/figure>\n\n\n\n<figure class=\"wp-block-image size-full\"><a href=\"https:\/\/papangames.dk\/wp-content\/uploads\/2022\/08\/SL-Lilla.webp\" target=\"_blank\" rel=\"noopener\"><img loading=\"lazy\" decoding=\"async\" width=\"300\" height=\"300\" data-id=\"2715\" src=\"https:\/\/papangames.dk\/wp-content\/uploads\/2022\/08\/SL-Lilla.webp\" alt=\"\" class=\"wp-image-2715\" srcset=\"https:\/\/papangames.dk\/wp-content\/uploads\/2022\/08\/SL-Lilla.webp 300w, https:\/\/papangames.dk\/wp-content\/uploads\/2022\/08\/SL-Lilla-150x150.webp 150w, https:\/\/papangames.dk\/wp-content\/uploads\/2022\/08\/SL-Lilla-12x12.webp 12w, https:\/\/papangames.dk\/wp-content\/uploads\/2022\/08\/SL-Lilla-100x100.webp 100w\" sizes=\"auto, (max-width: 300px) 100vw, 300px\" \/><\/a><figcaption class=\"wp-element-caption\">Lilla<\/figcaption><\/figure>\n\n\n\n<figure class=\"wp-block-image size-full\"><a href=\"https:\/\/papangames.dk\/wp-content\/uploads\/2022\/08\/SL-Lyseblaa.webp\" target=\"_blank\" rel=\"noopener\"><img loading=\"lazy\" decoding=\"async\" width=\"300\" height=\"300\" data-id=\"2716\" src=\"https:\/\/papangames.dk\/wp-content\/uploads\/2022\/08\/SL-Lyseblaa.webp\" alt=\"Stofposer\" class=\"wp-image-2716\" srcset=\"https:\/\/papangames.dk\/wp-content\/uploads\/2022\/08\/SL-Lyseblaa.webp 300w, https:\/\/papangames.dk\/wp-content\/uploads\/2022\/08\/SL-Lyseblaa-150x150.webp 150w, https:\/\/papangames.dk\/wp-content\/uploads\/2022\/08\/SL-Lyseblaa-12x12.webp 12w, https:\/\/papangames.dk\/wp-content\/uploads\/2022\/08\/SL-Lyseblaa-100x100.webp 100w\" sizes=\"auto, (max-width: 300px) 100vw, 300px\" \/><\/a><figcaption class=\"wp-element-caption\">Lysebl\u00e5<\/figcaption><\/figure>\n\n\n\n<figure class=\"wp-block-image size-full\"><a href=\"https:\/\/papangames.dk\/wp-content\/uploads\/2022\/08\/SL-Lysebrun.webp\" target=\"_blank\" rel=\"noopener\"><img loading=\"lazy\" decoding=\"async\" width=\"300\" height=\"300\" data-id=\"2717\" src=\"https:\/\/papangames.dk\/wp-content\/uploads\/2022\/08\/SL-Lysebrun.webp\" alt=\"\" class=\"wp-image-2717\" srcset=\"https:\/\/papangames.dk\/wp-content\/uploads\/2022\/08\/SL-Lysebrun.webp 300w, https:\/\/papangames.dk\/wp-content\/uploads\/2022\/08\/SL-Lysebrun-150x150.webp 150w, https:\/\/papangames.dk\/wp-content\/uploads\/2022\/08\/SL-Lysebrun-12x12.webp 12w, https:\/\/papangames.dk\/wp-content\/uploads\/2022\/08\/SL-Lysebrun-100x100.webp 100w\" sizes=\"auto, (max-width: 300px) 100vw, 300px\" \/><\/a><figcaption class=\"wp-element-caption\">Lysebrun<\/figcaption><\/figure>\n\n\n\n<figure class=\"wp-block-image size-full is-style-default\"><a href=\"https:\/\/papangames.dk\/wp-content\/uploads\/2022\/08\/SL-Lyseroed.webp\" target=\"_blank\" rel=\"noopener\"><img loading=\"lazy\" decoding=\"async\" width=\"300\" height=\"300\" data-id=\"2718\" src=\"https:\/\/papangames.dk\/wp-content\/uploads\/2022\/08\/SL-Lyseroed.webp\" alt=\"\" class=\"wp-image-2718\" srcset=\"https:\/\/papangames.dk\/wp-content\/uploads\/2022\/08\/SL-Lyseroed.webp 300w, https:\/\/papangames.dk\/wp-content\/uploads\/2022\/08\/SL-Lyseroed-150x150.webp 150w, https:\/\/papangames.dk\/wp-content\/uploads\/2022\/08\/SL-Lyseroed-12x12.webp 12w, https:\/\/papangames.dk\/wp-content\/uploads\/2022\/08\/SL-Lyseroed-100x100.webp 100w\" sizes=\"auto, (max-width: 300px) 100vw, 300px\" \/><\/a><figcaption class=\"wp-element-caption\">Lyser\u00f8d<\/figcaption><\/figure>\n\n\n\n<figure class=\"wp-block-image size-full\"><a href=\"https:\/\/papangames.dk\/wp-content\/uploads\/2022\/08\/SL-Laerred.webp\" target=\"_blank\" rel=\"noopener\"><img loading=\"lazy\" decoding=\"async\" width=\"300\" height=\"300\" data-id=\"2719\" src=\"https:\/\/papangames.dk\/wp-content\/uploads\/2022\/08\/SL-Laerred.webp\" alt=\"\" class=\"wp-image-2719\" srcset=\"https:\/\/papangames.dk\/wp-content\/uploads\/2022\/08\/SL-Laerred.webp 300w, https:\/\/papangames.dk\/wp-content\/uploads\/2022\/08\/SL-Laerred-150x150.webp 150w, https:\/\/papangames.dk\/wp-content\/uploads\/2022\/08\/SL-Laerred-12x12.webp 12w, https:\/\/papangames.dk\/wp-content\/uploads\/2022\/08\/SL-Laerred-100x100.webp 100w\" sizes=\"auto, (max-width: 300px) 100vw, 300px\" \/><\/a><figcaption class=\"wp-element-caption\">L\u00e6rred<\/figcaption><\/figure>\n\n\n\n<figure class=\"wp-block-image size-full\"><a href=\"https:\/\/papangames.dk\/wp-content\/uploads\/2022\/08\/SL-Orange.webp\" target=\"_blank\" rel=\"noopener\"><img loading=\"lazy\" decoding=\"async\" width=\"300\" height=\"300\" data-id=\"2721\" src=\"https:\/\/papangames.dk\/wp-content\/uploads\/2022\/08\/SL-Orange.webp\" alt=\"\" class=\"wp-image-2721\" srcset=\"https:\/\/papangames.dk\/wp-content\/uploads\/2022\/08\/SL-Orange.webp 300w, https:\/\/papangames.dk\/wp-content\/uploads\/2022\/08\/SL-Orange-150x150.webp 150w, https:\/\/papangames.dk\/wp-content\/uploads\/2022\/08\/SL-Orange-12x12.webp 12w, https:\/\/papangames.dk\/wp-content\/uploads\/2022\/08\/SL-Orange-100x100.webp 100w\" sizes=\"auto, (max-width: 300px) 100vw, 300px\" \/><\/a><figcaption class=\"wp-element-caption\">Orange<\/figcaption><\/figure>\n\n\n\n<figure class=\"wp-block-image size-full\"><a href=\"https:\/\/papangames.dk\/wp-content\/uploads\/2022\/08\/SL-Roed.webp\" target=\"_blank\" rel=\"noopener\"><img loading=\"lazy\" decoding=\"async\" width=\"300\" height=\"300\" data-id=\"2722\" src=\"https:\/\/papangames.dk\/wp-content\/uploads\/2022\/08\/SL-Roed.webp\" alt=\"\" class=\"wp-image-2722\" srcset=\"https:\/\/papangames.dk\/wp-content\/uploads\/2022\/08\/SL-Roed.webp 300w, https:\/\/papangames.dk\/wp-content\/uploads\/2022\/08\/SL-Roed-150x150.webp 150w, https:\/\/papangames.dk\/wp-content\/uploads\/2022\/08\/SL-Roed-12x12.webp 12w, https:\/\/papangames.dk\/wp-content\/uploads\/2022\/08\/SL-Roed-100x100.webp 100w\" sizes=\"auto, (max-width: 300px) 100vw, 300px\" \/><\/a><figcaption class=\"wp-element-caption\">R\u00f8d<\/figcaption><\/figure>\n\n\n\n<figure class=\"wp-block-image size-full\"><a href=\"https:\/\/papangames.dk\/wp-content\/uploads\/2022\/08\/SL-Sort.webp\" target=\"_blank\" rel=\"noopener\"><img loading=\"lazy\" decoding=\"async\" width=\"300\" height=\"300\" data-id=\"2714\" src=\"https:\/\/papangames.dk\/wp-content\/uploads\/2022\/08\/SL-Sort.webp\" alt=\"\" class=\"wp-image-2714\" srcset=\"https:\/\/papangames.dk\/wp-content\/uploads\/2022\/08\/SL-Sort.webp 300w, https:\/\/papangames.dk\/wp-content\/uploads\/2022\/08\/SL-Sort-150x150.webp 150w, https:\/\/papangames.dk\/wp-content\/uploads\/2022\/08\/SL-Sort-12x12.webp 12w, https:\/\/papangames.dk\/wp-content\/uploads\/2022\/08\/SL-Sort-100x100.webp 100w\" sizes=\"auto, (max-width: 300px) 100vw, 300px\" \/><\/a><figcaption class=\"wp-element-caption\">Sort<\/figcaption><\/figure>\n<\/figure>\n","protected":false},"excerpt":{"rendered":"<p>Har du, ligesom os, st\u00e5et og \u00e6rgret dig over at dit nye spil ikke havde stofposer med? T\u00f8v ej, vi har lige det du har brug for! &#8220;We have got your bag!&#8221;<\/p>","protected":false},"featured_media":108,"template":"","meta":{"inline_featured_image":false,"_kadence_starter_templates_imported_post":false,"_kad_post_transparent":"disable","_kad_post_title":"hide","_kad_post_layout":"fullwidth","_kad_post_sidebar_id":"","_kad_post_content_style":"unboxed","_kad_post_vertical_padding":"","_kad_post_feature":"","_kad_post_feature_position":"","_kad_post_header":false,"_kad_post_footer":false,"_kad_post_classname":""},"product_brand":[],"product_cat":[19],"product_tag":[20],"class_list":{"0":"post-36","1":"product","2":"type-product","3":"status-publish","4":"has-post-thumbnail","6":"product_cat-tilbehor","7":"product_tag-stofposer","8":"product_shipping_class-1-kg","10":"first","11":"instock","12":"shipping-taxable","13":"purchasable","14":"product-type-variable","15":"entry","16":"content-bg","17":"loop-entry"},"_links":{"self":[{"href":"https:\/\/papangames.dk\/en\/wp-json\/wp\/v2\/product\/36","targetHints":{"allow":["GET"]}}],"collection":[{"href":"https:\/\/papangames.dk\/en\/wp-json\/wp\/v2\/product"}],"about":[{"href":"https:\/\/papangames.dk\/en\/wp-json\/wp\/v2\/types\/product"}],"wp:featuredmedia":[{"embeddable":true,"href":"https:\/\/papangames.dk\/en\/wp-json\/wp\/v2\/media\/108"}],"wp:attachment":[{"href":"https:\/\/papangames.dk\/en\/wp-json\/wp\/v2\/media?parent=36"}],"wp:term":[{"taxonomy":"product_brand","embeddable":true,"href":"https:\/\/papangames.dk\/en\/wp-json\/wp\/v2\/product_brand?post=36"},{"taxonomy":"product_cat","embeddable":true,"href":"https:\/\/papangames.dk\/en\/wp-json\/wp\/v2\/product_cat?post=36"},{"taxonomy":"product_tag","embeddable":true,"href":"https:\/\/papangames.dk\/en\/wp-json\/wp\/v2\/product_tag?post=36"}],"curies":[{"name":"wp","href":"https:\/\/api.w.org\/{rel}","templated":true}]}}