{"id":78,"date":"2022-08-10T15:42:39","date_gmt":"2022-08-10T13:42:39","guid":{"rendered":"https:\/\/papangames.dk\/?post_type=product&#038;p=78"},"modified":"2025-12-21T18:01:23","modified_gmt":"2025-12-21T16:01:23","slug":"stofposer-9-x-12-cm","status":"publish","type":"product","link":"https:\/\/papangames.dk\/en\/product\/stofposer-9-x-12-cm\/","title":{"rendered":"Bags 9 x 12 cm"},"content":{"rendered":"\n<header class=\"wp-block-cover fuld-bredde-banner has-medium-font-size\"><img loading=\"lazy\" decoding=\"async\" width=\"1100\" height=\"962\" class=\"wp-block-cover__image-background wp-image-2741 size-full\" alt=\"\" src=\"https:\/\/papangames.dk\/wp-content\/uploads\/2022\/09\/Alle-floejl.webp\" data-object-fit=\"cover\" srcset=\"https:\/\/papangames.dk\/wp-content\/uploads\/2022\/09\/Alle-floejl.webp 1100w, https:\/\/papangames.dk\/wp-content\/uploads\/2022\/09\/Alle-floejl-300x262.webp 300w, https:\/\/papangames.dk\/wp-content\/uploads\/2022\/09\/Alle-floejl-1024x896.webp 1024w, https:\/\/papangames.dk\/wp-content\/uploads\/2022\/09\/Alle-floejl-768x672.webp 768w, https:\/\/papangames.dk\/wp-content\/uploads\/2022\/09\/Alle-floejl-14x12.webp 14w, https:\/\/papangames.dk\/wp-content\/uploads\/2022\/09\/Alle-floejl-600x525.webp 600w\" sizes=\"auto, (max-width: 1100px) 100vw, 1100px\" \/><span aria-hidden=\"true\" class=\"wp-block-cover__background has-background-dim-20 has-background-dim\" style=\"background-color:#69473a\"><\/span><div class=\"wp-block-cover__inner-container is-layout-constrained wp-block-cover-is-layout-constrained\"><style>.wp-block-kadence-advancedheading.kt-adv-heading78_cd2184-f6, .wp-block-kadence-advancedheading.kt-adv-heading78_cd2184-f6[data-kb-block=\"kb-adv-heading78_cd2184-f6\"]{max-width:2000%;margin-right:auto;margin-left:auto;padding-top:19%;padding-bottom:19%;text-align:center;font-size:8rem;line-height:0.9;font-style:normal;text-transform:none;letter-spacing:6px;text-shadow:7px 4px 3px #101010;}.wp-block-kadence-advancedheading.kt-adv-heading78_cd2184-f6 mark.kt-highlight, .wp-block-kadence-advancedheading.kt-adv-heading78_cd2184-f6[data-kb-block=\"kb-adv-heading78_cd2184-f6\"] mark.kt-highlight{font-style:normal;color:#f76a0c;background:#000000;border-top:2px solid transparent;border-right:2px solid transparent;border-bottom:2px solid transparent;border-left:2px solid transparent;-webkit-box-decoration-break:clone;box-decoration-break:clone;padding-top:0px;padding-right:0px;padding-bottom:0px;padding-left:0px;}.wp-block-kadence-advancedheading.kt-adv-heading78_cd2184-f6 img.kb-inline-image, .wp-block-kadence-advancedheading.kt-adv-heading78_cd2184-f6[data-kb-block=\"kb-adv-heading78_cd2184-f6\"] img.kb-inline-image{width:150px;vertical-align:baseline;}@media all and (max-width: 1024px){.wp-block-kadence-advancedheading.kt-adv-heading78_cd2184-f6, .wp-block-kadence-advancedheading.kt-adv-heading78_cd2184-f6[data-kb-block=\"kb-adv-heading78_cd2184-f6\"]{padding-top:50%;text-shadow:7px 4px 3px #101010;font-size:200rem;}}@media all and (max-width: 1024px){.wp-block-kadence-advancedheading.kt-adv-heading78_cd2184-f6 mark.kt-highlight, .wp-block-kadence-advancedheading.kt-adv-heading78_cd2184-f6[data-kb-block=\"kb-adv-heading78_cd2184-f6\"] mark.kt-highlight{border-top:2px solid transparent;border-right:2px solid transparent;border-bottom:2px solid transparent;border-left:2px solid transparent;}}@media all and (max-width: 767px){.wp-block-kadence-advancedheading.kt-adv-heading78_cd2184-f6, .wp-block-kadence-advancedheading.kt-adv-heading78_cd2184-f6[data-kb-block=\"kb-adv-heading78_cd2184-f6\"]{padding-top:10%;padding-right:0%;padding-bottom:10%;padding-left:0%;margin-top:25%;margin-bottom:25%;text-shadow:7px 4px 3px #101010;font-size:3rem;text-align:center!important;}.wp-block-kadence-advancedheading.kt-adv-heading78_cd2184-f6 mark.kt-highlight, .wp-block-kadence-advancedheading.kt-adv-heading78_cd2184-f6[data-kb-block=\"kb-adv-heading78_cd2184-f6\"] mark.kt-highlight{border-top:2px solid transparent;border-right:2px solid transparent;border-bottom:2px solid transparent;border-left:2px solid transparent;}}<\/style>\n<h2 class=\"kt-adv-heading78_cd2184-f6 wp-block-kadence-advancedheading has-theme-palette-9-color has-text-color\" data-kb-block=\"kb-adv-heading78_cd2184-f6\">Stofposer<br>9 x 12 cm<\/h2>\n<\/div><\/header>\n\n\n<style>.kadence-column78_676d1d-e8 > .kt-inside-inner-col,.kadence-column78_676d1d-e8 > .kt-inside-inner-col:before{border-top-left-radius:0px;border-top-right-radius:0px;border-bottom-right-radius:0px;border-bottom-left-radius:0px;}.kadence-column78_676d1d-e8 > .kt-inside-inner-col{column-gap:var(--global-kb-gap-sm, 1rem);}.kadence-column78_676d1d-e8 > .kt-inside-inner-col{flex-direction:column;}.kadence-column78_676d1d-e8 > .kt-inside-inner-col > .aligncenter{width:100%;}.kadence-column78_676d1d-e8 > .kt-inside-inner-col:before{opacity:0.3;}.kadence-column78_676d1d-e8{text-align:left;}.kadence-column78_676d1d-e8{position:relative;}.kadence-column78_676d1d-e8, .kt-inside-inner-col > .kadence-column78_676d1d-e8:not(.specificity){margin-top:2%;margin-right:25%;margin-left:25%;}@media all and (max-width: 1024px){.kadence-column78_676d1d-e8 > .kt-inside-inner-col{flex-direction:column;justify-content:center;}}@media all and (max-width: 1024px){.kadence-column78_676d1d-e8, .kt-inside-inner-col > .kadence-column78_676d1d-e8:not(.specificity){margin-right:0%;margin-left:0%;}}@media all and (max-width: 767px){.kadence-column78_676d1d-e8 > .kt-inside-inner-col{flex-direction:column;justify-content:center;}.kadence-column78_676d1d-e8, .kt-inside-inner-col > .kadence-column78_676d1d-e8:not(.specificity){margin-top:5%;margin-right:0%;margin-bottom:0%;margin-left:0%;}}<\/style>\n<div class=\"wp-block-kadence-column kadence-column78_676d1d-e8 kb-section-dir-vertical inner-column-1\"><div class=\"kt-inside-inner-col\">\n<p class=\"has-medium-font-size\">Har du, ligesom os, st\u00e5et og \u00e6rgret dig over at dit nye spil ikke havde stofposer med?<br>T\u00f8v ej, vi har lige det du har brug for!<br><br>\u201cWe have got your bag!\u201d<br><br>Vi har disse stofposer (dice bags) som du kan bruge til at give dit spil lidt ekstra.<br><br>Brug dem til terninger, tokens og alle andre komponenter.<br><br>Poserne er lavet i fl\u00f8jl og m\u00e5ler ca. 9 x 12 cm.<br><br>Er disse poser for ikke lige noget for dig? Vi har ogs\u00e5 andre slags poser i andre st\u00f8rrelser og andet materiale.<\/p>\n<\/div><\/div>\n\n\n<style>.kadence-column78_732e56-5e > .kt-inside-inner-col{padding-top:1%;padding-right:35%;padding-bottom:5%;padding-left:30%;}.kadence-column78_732e56-5e > .kt-inside-inner-col,.kadence-column78_732e56-5e > .kt-inside-inner-col:before{border-top-left-radius:0px;border-top-right-radius:0px;border-bottom-right-radius:0px;border-bottom-left-radius:0px;}.kadence-column78_732e56-5e > .kt-inside-inner-col{column-gap:4.9em;}.kadence-column78_732e56-5e > .kt-inside-inner-col{flex-direction:column;}.kadence-column78_732e56-5e > .kt-inside-inner-col > .aligncenter{width:100%;}.kadence-column78_732e56-5e > .kt-inside-inner-col:before{opacity:0.3;}.kadence-column78_732e56-5e{text-align:center;}.kadence-column78_732e56-5e{position:relative;}.kadence-column78_732e56-5e, .kt-inside-inner-col > .kadence-column78_732e56-5e:not(.specificity){margin-top:0%;margin-right:0%;margin-bottom:0%;margin-left:0%;}@media all and (max-width: 1024px){.kadence-column78_732e56-5e > .kt-inside-inner-col{flex-direction:column;justify-content:center;}}@media all and (max-width: 767px){.kadence-column78_732e56-5e > .kt-inside-inner-col{padding-right:0%;padding-bottom:var(--global-kb-spacing-sm, 1.5rem);padding-left:0%;flex-direction:column;justify-content:center;}}<\/style>\n<div class=\"wp-block-kadence-column kadence-column78_732e56-5e kb-section-dir-vertical inner-column-1\"><div class=\"kt-inside-inner-col\"><div class=\"wp-block-image\">\n<figure class=\"aligncenter size-full\"><img loading=\"lazy\" decoding=\"async\" width=\"343\" height=\"300\" src=\"https:\/\/papangames.dk\/wp-content\/uploads\/2022\/08\/Alle-Floejl1.webp\" alt=\"Stofposer\" class=\"wp-image-2742\" srcset=\"https:\/\/papangames.dk\/wp-content\/uploads\/2022\/08\/Alle-Floejl1.webp 343w, https:\/\/papangames.dk\/wp-content\/uploads\/2022\/08\/Alle-Floejl1-300x262.webp 300w, https:\/\/papangames.dk\/wp-content\/uploads\/2022\/08\/Alle-Floejl1-14x12.webp 14w\" sizes=\"auto, (max-width: 343px) 100vw, 343px\" \/><\/figure>\n<\/div>\n\n<style>.wp-block-kadence-advancedheading.kt-adv-heading78_456e79-03, .wp-block-kadence-advancedheading.kt-adv-heading78_456e79-03[data-kb-block=\"kb-adv-heading78_456e79-03\"]{text-align:center;font-style:normal;}.wp-block-kadence-advancedheading.kt-adv-heading78_456e79-03 mark.kt-highlight, .wp-block-kadence-advancedheading.kt-adv-heading78_456e79-03[data-kb-block=\"kb-adv-heading78_456e79-03\"] mark.kt-highlight{font-style:normal;color:#f76a0c;-webkit-box-decoration-break:clone;box-decoration-break:clone;padding-top:0px;padding-right:0px;padding-bottom:0px;padding-left:0px;}.wp-block-kadence-advancedheading.kt-adv-heading78_456e79-03 img.kb-inline-image, .wp-block-kadence-advancedheading.kt-adv-heading78_456e79-03[data-kb-block=\"kb-adv-heading78_456e79-03\"] img.kb-inline-image{width:150px;vertical-align:baseline;}<\/style>\n<p class=\"kt-adv-heading78_456e79-03 wp-block-kadence-advancedheading\" data-kb-block=\"kb-adv-heading78_456e79-03\">5 kr. pr. stk.<\/p>\n\n\n\n<div class=\"wp-block-buttons has-custom-font-size has-medium-font-size is-horizontal is-content-justification-center is-layout-flex wp-container-core-buttons-is-layout-937ffba9 wp-block-buttons-is-layout-flex\">\n<div class=\"wp-block-button\"><a class=\"wp-block-button__link has-background wp-element-button\" href=\"?attribute_farve=brun&amp;variation_id=2730&amp;add-to-cart=78\" style=\"background-color:#624b3d\">Brun<\/a><\/div>\n\n\n\n<div class=\"wp-block-button\"><a class=\"wp-block-button__link has-background wp-element-button\" href=\"?attribute_farve=gr\u00f8n&amp;variation_id=2731&amp;add-to-cart=78\" style=\"background-color:#113a00\">Gr\u00f8n<\/a><\/div>\n\n\n\n<div class=\"wp-block-button\"><a class=\"wp-block-button__link has-background wp-element-button\" href=\"?attribute_farve=gr\u00e5&amp;variation_id=2732&amp;add-to-cart=78\" style=\"background-color:#8e7d7d\">Gr\u00e5<\/a><\/div>\n\n\n\n<div class=\"wp-block-button\"><a class=\"wp-block-button__link has-black-color has-text-color has-background wp-element-button\" href=\"?attribute_farve=hvid&amp;variation_id=2733&amp;add-to-cart=78\" style=\"background-color:#d9bda729\">Hvid<\/a><\/div>\n\n\n\n<div class=\"wp-block-button\"><a class=\"wp-block-button__link has-background wp-element-button\" href=\"?attribute_farve=lilla&amp;variation_id=2734&amp;add-to-cart=78\" style=\"background-color:#4c2165\">Lilla<\/a><\/div>\n\n\n\n<div class=\"wp-block-button\"><a class=\"wp-block-button__link has-background wp-element-button\" href=\"?attribute_farve=lyser\u00f8d&amp;variation_id=2735&amp;add-to-cart=78\" style=\"background-color:#e0b4af\">Lyser\u00f8d<\/a><\/div>\n\n\n\n<div class=\"wp-block-button\"><a class=\"wp-block-button__link has-background wp-element-button\" href=\"?attribute_farve=pink&amp;variation_id=2737&amp;add-to-cart=78\" style=\"background-color:#f199b4\">Pink<\/a><\/div>\n\n\n\n<div class=\"wp-block-button\"><a class=\"wp-block-button__link has-background wp-element-button\" href=\"?attribute_farve=m\u00f8rker\u00f8d&amp;variation_id=2736&amp;add-to-cart=78\" style=\"background-color:#620c0c\">M\u00f8rker\u00f8d<\/a><\/div>\n\n\n\n<div class=\"wp-block-button\"><a class=\"wp-block-button__link has-background wp-element-button\" href=\"?attribute_farve=r\u00f8d&amp;variation_id=2738&amp;add-to-cart=78\" style=\"background-color:#dc0808\">R\u00f8d<\/a><\/div>\n\n\n\n<div class=\"wp-block-button\"><a class=\"wp-block-button__link has-black-background-color has-background wp-element-button\" href=\"?attribute_farve=sort&amp;variation_id=2739&amp;add-to-cart=78\">Sort<\/a><\/div>\n<\/div>\n<\/div><\/div>\n\n\n\n<figure class=\"wp-block-gallery has-nested-images columns-5 is-cropped wp-block-gallery-1 is-layout-flex wp-block-gallery-is-layout-flex\">\n<figure class=\"wp-block-image size-full\"><a href=\"https:\/\/papangames.dk\/wp-content\/uploads\/2022\/08\/F-Brun.webp\" target=\"_blank\" rel=\"noopener\"><img loading=\"lazy\" decoding=\"async\" width=\"300\" height=\"300\" data-id=\"2743\" src=\"https:\/\/papangames.dk\/wp-content\/uploads\/2022\/08\/F-Brun.webp\" alt=\"\" class=\"wp-image-2743\" srcset=\"https:\/\/papangames.dk\/wp-content\/uploads\/2022\/08\/F-Brun.webp 300w, https:\/\/papangames.dk\/wp-content\/uploads\/2022\/08\/F-Brun-150x150.webp 150w, https:\/\/papangames.dk\/wp-content\/uploads\/2022\/08\/F-Brun-12x12.webp 12w, https:\/\/papangames.dk\/wp-content\/uploads\/2022\/08\/F-Brun-100x100.webp 100w\" sizes=\"auto, (max-width: 300px) 100vw, 300px\" \/><\/a><figcaption class=\"wp-element-caption\">Brun<\/figcaption><\/figure>\n\n\n\n<figure class=\"wp-block-image size-full is-style-default\"><a href=\"https:\/\/papangames.dk\/wp-content\/uploads\/2022\/08\/F-Groen.webp\" target=\"_blank\" rel=\"noopener\"><img loading=\"lazy\" decoding=\"async\" width=\"300\" height=\"300\" data-id=\"2744\" src=\"https:\/\/papangames.dk\/wp-content\/uploads\/2022\/08\/F-Groen.webp\" alt=\"\" class=\"wp-image-2744\" srcset=\"https:\/\/papangames.dk\/wp-content\/uploads\/2022\/08\/F-Groen.webp 300w, https:\/\/papangames.dk\/wp-content\/uploads\/2022\/08\/F-Groen-150x150.webp 150w, https:\/\/papangames.dk\/wp-content\/uploads\/2022\/08\/F-Groen-12x12.webp 12w, https:\/\/papangames.dk\/wp-content\/uploads\/2022\/08\/F-Groen-100x100.webp 100w\" sizes=\"auto, (max-width: 300px) 100vw, 300px\" \/><\/a><figcaption class=\"wp-element-caption\">Gr\u00f8n<\/figcaption><\/figure>\n\n\n\n<figure class=\"wp-block-image size-full\"><a href=\"https:\/\/papangames.dk\/wp-content\/uploads\/2022\/08\/F-Graa.webp\" target=\"_blank\" rel=\"noopener\"><img loading=\"lazy\" decoding=\"async\" width=\"300\" height=\"300\" data-id=\"2745\" src=\"https:\/\/papangames.dk\/wp-content\/uploads\/2022\/08\/F-Graa.webp\" alt=\"\" class=\"wp-image-2745\" srcset=\"https:\/\/papangames.dk\/wp-content\/uploads\/2022\/08\/F-Graa.webp 300w, https:\/\/papangames.dk\/wp-content\/uploads\/2022\/08\/F-Graa-150x150.webp 150w, https:\/\/papangames.dk\/wp-content\/uploads\/2022\/08\/F-Graa-12x12.webp 12w, https:\/\/papangames.dk\/wp-content\/uploads\/2022\/08\/F-Graa-100x100.webp 100w\" sizes=\"auto, (max-width: 300px) 100vw, 300px\" \/><\/a><figcaption class=\"wp-element-caption\">Gr\u00e5<\/figcaption><\/figure>\n\n\n\n<figure class=\"wp-block-image size-full\"><a href=\"https:\/\/papangames.dk\/wp-content\/uploads\/2022\/08\/F-Hvid.webp\" target=\"_blank\" rel=\"noopener\"><img loading=\"lazy\" decoding=\"async\" width=\"300\" height=\"300\" data-id=\"2746\" src=\"https:\/\/papangames.dk\/wp-content\/uploads\/2022\/08\/F-Hvid.webp\" alt=\"\" class=\"wp-image-2746\" srcset=\"https:\/\/papangames.dk\/wp-content\/uploads\/2022\/08\/F-Hvid.webp 300w, https:\/\/papangames.dk\/wp-content\/uploads\/2022\/08\/F-Hvid-150x150.webp 150w, https:\/\/papangames.dk\/wp-content\/uploads\/2022\/08\/F-Hvid-12x12.webp 12w, https:\/\/papangames.dk\/wp-content\/uploads\/2022\/08\/F-Hvid-100x100.webp 100w\" sizes=\"auto, (max-width: 300px) 100vw, 300px\" \/><\/a><figcaption class=\"wp-element-caption\">Hvid<\/figcaption><\/figure>\n\n\n\n<figure class=\"wp-block-image size-full\"><a href=\"https:\/\/papangames.dk\/wp-content\/uploads\/2022\/08\/F-Lilla.webp\" target=\"_blank\" rel=\"noopener\"><img loading=\"lazy\" decoding=\"async\" width=\"300\" height=\"300\" data-id=\"2747\" src=\"https:\/\/papangames.dk\/wp-content\/uploads\/2022\/08\/F-Lilla.webp\" alt=\"\" class=\"wp-image-2747\" srcset=\"https:\/\/papangames.dk\/wp-content\/uploads\/2022\/08\/F-Lilla.webp 300w, https:\/\/papangames.dk\/wp-content\/uploads\/2022\/08\/F-Lilla-150x150.webp 150w, https:\/\/papangames.dk\/wp-content\/uploads\/2022\/08\/F-Lilla-12x12.webp 12w, https:\/\/papangames.dk\/wp-content\/uploads\/2022\/08\/F-Lilla-100x100.webp 100w\" sizes=\"auto, (max-width: 300px) 100vw, 300px\" \/><\/a><figcaption class=\"wp-element-caption\">Lilla<\/figcaption><\/figure>\n\n\n\n<figure class=\"wp-block-image size-full is-style-default\"><a href=\"https:\/\/papangames.dk\/wp-content\/uploads\/2022\/08\/F-Lyseroed.webp\" target=\"_blank\" rel=\"noopener\"><img loading=\"lazy\" decoding=\"async\" width=\"300\" height=\"300\" data-id=\"2748\" src=\"https:\/\/papangames.dk\/wp-content\/uploads\/2022\/08\/F-Lyseroed.webp\" alt=\"\" class=\"wp-image-2748\" srcset=\"https:\/\/papangames.dk\/wp-content\/uploads\/2022\/08\/F-Lyseroed.webp 300w, https:\/\/papangames.dk\/wp-content\/uploads\/2022\/08\/F-Lyseroed-150x150.webp 150w, https:\/\/papangames.dk\/wp-content\/uploads\/2022\/08\/F-Lyseroed-12x12.webp 12w, https:\/\/papangames.dk\/wp-content\/uploads\/2022\/08\/F-Lyseroed-100x100.webp 100w\" sizes=\"auto, (max-width: 300px) 100vw, 300px\" \/><\/a><figcaption class=\"wp-element-caption\">Lyser\u00f8d<\/figcaption><\/figure>\n\n\n\n<figure class=\"wp-block-image size-full\"><a href=\"https:\/\/papangames.dk\/wp-content\/uploads\/2022\/08\/F-Pink.webp\" target=\"_blank\" rel=\"noopener\"><img loading=\"lazy\" decoding=\"async\" width=\"300\" height=\"300\" data-id=\"2750\" src=\"https:\/\/papangames.dk\/wp-content\/uploads\/2022\/08\/F-Pink.webp\" alt=\"\" class=\"wp-image-2750\" srcset=\"https:\/\/papangames.dk\/wp-content\/uploads\/2022\/08\/F-Pink.webp 300w, https:\/\/papangames.dk\/wp-content\/uploads\/2022\/08\/F-Pink-150x150.webp 150w, https:\/\/papangames.dk\/wp-content\/uploads\/2022\/08\/F-Pink-12x12.webp 12w, https:\/\/papangames.dk\/wp-content\/uploads\/2022\/08\/F-Pink-100x100.webp 100w\" sizes=\"auto, (max-width: 300px) 100vw, 300px\" \/><\/a><figcaption class=\"wp-element-caption\">Pink<\/figcaption><\/figure>\n\n\n\n<figure class=\"wp-block-image size-full\"><a href=\"https:\/\/papangames.dk\/wp-content\/uploads\/2022\/08\/F-Moerkeroed.webp\" target=\"_blank\" rel=\"noopener\"><img loading=\"lazy\" decoding=\"async\" width=\"300\" height=\"300\" data-id=\"2749\" src=\"https:\/\/papangames.dk\/wp-content\/uploads\/2022\/08\/F-Moerkeroed.webp\" alt=\"\" class=\"wp-image-2749\" srcset=\"https:\/\/papangames.dk\/wp-content\/uploads\/2022\/08\/F-Moerkeroed.webp 300w, https:\/\/papangames.dk\/wp-content\/uploads\/2022\/08\/F-Moerkeroed-150x150.webp 150w, https:\/\/papangames.dk\/wp-content\/uploads\/2022\/08\/F-Moerkeroed-12x12.webp 12w, https:\/\/papangames.dk\/wp-content\/uploads\/2022\/08\/F-Moerkeroed-100x100.webp 100w\" sizes=\"auto, (max-width: 300px) 100vw, 300px\" \/><\/a><figcaption class=\"wp-element-caption\">M\u00f8rker\u00f8d<\/figcaption><\/figure>\n\n\n\n<figure class=\"wp-block-image size-full\"><a href=\"https:\/\/papangames.dk\/wp-content\/uploads\/2022\/08\/F-Roed.webp\" target=\"_blank\" rel=\"noopener\"><img loading=\"lazy\" decoding=\"async\" width=\"300\" height=\"300\" data-id=\"2751\" src=\"https:\/\/papangames.dk\/wp-content\/uploads\/2022\/08\/F-Roed.webp\" alt=\"\" class=\"wp-image-2751\" srcset=\"https:\/\/papangames.dk\/wp-content\/uploads\/2022\/08\/F-Roed.webp 300w, https:\/\/papangames.dk\/wp-content\/uploads\/2022\/08\/F-Roed-150x150.webp 150w, https:\/\/papangames.dk\/wp-content\/uploads\/2022\/08\/F-Roed-12x12.webp 12w, https:\/\/papangames.dk\/wp-content\/uploads\/2022\/08\/F-Roed-100x100.webp 100w\" sizes=\"auto, (max-width: 300px) 100vw, 300px\" \/><\/a><figcaption class=\"wp-element-caption\">R\u00f8d<\/figcaption><\/figure>\n\n\n\n<figure class=\"wp-block-image size-full\"><a href=\"https:\/\/papangames.dk\/wp-content\/uploads\/2022\/08\/F-Sort.webp\" target=\"_blank\" rel=\"noopener\"><img loading=\"lazy\" decoding=\"async\" width=\"300\" height=\"300\" data-id=\"2752\" src=\"https:\/\/papangames.dk\/wp-content\/uploads\/2022\/08\/F-Sort.webp\" alt=\"\" class=\"wp-image-2752\" srcset=\"https:\/\/papangames.dk\/wp-content\/uploads\/2022\/08\/F-Sort.webp 300w, https:\/\/papangames.dk\/wp-content\/uploads\/2022\/08\/F-Sort-150x150.webp 150w, https:\/\/papangames.dk\/wp-content\/uploads\/2022\/08\/F-Sort-12x12.webp 12w, https:\/\/papangames.dk\/wp-content\/uploads\/2022\/08\/F-Sort-100x100.webp 100w\" sizes=\"auto, (max-width: 300px) 100vw, 300px\" \/><\/a><figcaption class=\"wp-element-caption\">Sort<\/figcaption><\/figure>\n<\/figure>\n","protected":false},"excerpt":{"rendered":"<p>Har du, ligesom os, st\u00e5et og \u00e6rgret dig over at dit nye spil ikke havde stofposer med? T\u00f8v ej, vi har lige det du har brug for! &#8220;We have got your bag!&#8221;<\/p>","protected":false},"featured_media":111,"template":"","meta":{"inline_featured_image":false,"_kadence_starter_templates_imported_post":false,"_kad_post_transparent":"disable","_kad_post_title":"hide","_kad_post_layout":"fullwidth","_kad_post_sidebar_id":"","_kad_post_content_style":"unboxed","_kad_post_vertical_padding":"","_kad_post_feature":"","_kad_post_feature_position":"","_kad_post_header":false,"_kad_post_footer":false,"_kad_post_classname":""},"product_brand":[],"product_cat":[19],"product_tag":[20],"class_list":{"0":"post-78","1":"product","2":"type-product","3":"status-publish","4":"has-post-thumbnail","6":"product_cat-tilbehor","7":"product_tag-stofposer","8":"product_shipping_class-1-kg","10":"first","11":"instock","12":"shipping-taxable","13":"purchasable","14":"product-type-variable","15":"entry","16":"content-bg","17":"loop-entry"},"_links":{"self":[{"href":"https:\/\/papangames.dk\/en\/wp-json\/wp\/v2\/product\/78","targetHints":{"allow":["GET"]}}],"collection":[{"href":"https:\/\/papangames.dk\/en\/wp-json\/wp\/v2\/product"}],"about":[{"href":"https:\/\/papangames.dk\/en\/wp-json\/wp\/v2\/types\/product"}],"wp:featuredmedia":[{"embeddable":true,"href":"https:\/\/papangames.dk\/en\/wp-json\/wp\/v2\/media\/111"}],"wp:attachment":[{"href":"https:\/\/papangames.dk\/en\/wp-json\/wp\/v2\/media?parent=78"}],"wp:term":[{"taxonomy":"product_brand","embeddable":true,"href":"https:\/\/papangames.dk\/en\/wp-json\/wp\/v2\/product_brand?post=78"},{"taxonomy":"product_cat","embeddable":true,"href":"https:\/\/papangames.dk\/en\/wp-json\/wp\/v2\/product_cat?post=78"},{"taxonomy":"product_tag","embeddable":true,"href":"https:\/\/papangames.dk\/en\/wp-json\/wp\/v2\/product_tag?post=78"}],"curies":[{"name":"wp","href":"https:\/\/api.w.org\/{rel}","templated":true}]}}